{"id":129,"date":"2014-01-05T00:44:34","date_gmt":"2014-01-04T23:44:34","guid":{"rendered":"https:\/\/www.vfdb.org\/aktuell\/?page_id=129"},"modified":"2026-04-13T18:22:53","modified_gmt":"2026-04-13T16:22:53","slug":"downloads","status":"publish","type":"page","link":"https:\/\/www.vfdb.org\/aktuell\/downloads\/","title":{"rendered":"Downloads"},"content":{"rendered":"<p>In diesem Bereich findest Du n\u00fctzliche Unterlagen wie aktuelle Formulare, die f\u00fcr die Arbeit als Funktionstr\u00e4ger sowie als Mitglied von nutzen sind. Hier ist auch das VFDB-Logo zu finden, der Flyer, die Image-Brosch\u00fcre, das Plakat und vieles mehr. Solltest du weitere Unterlagen ben\u00f6tigen, dann wende dich bitte an die VFDB e.V. Gesch\u00e4ftsstelle.<\/p>\n<p>&nbsp;<\/p>\n<h3><strong>Satzung, Gesch\u00e4fts-, Beitrags- und Finanzordnung<\/strong><\/h3>\n<ul>\n<li>diese Information liegt unter Verein -&gt; Satzung zum Download bereit<\/li>\n<\/ul>\n<h3>F\u00fcr den VFDB-Rundspruch<\/h3>\n<ul>\n<li><a href=\"\/files\/download\/vfdb-rundspruch-vorankuendigung.mp3\">Vorank\u00fcndigung zum VFDB-Rundspruch als MP3 Datei<\/a>\u00a0(Download mit Rechtsklick, Datei speichern unter&#8230;)<\/li>\n<li>Der aktuelle Rundspruch als <a href=\"https:\/\/www.vfdb.org\/rundspruch.mp3\">MP3 Datei<\/a><\/li>\n<li>Der aktuelle Rundspruch als <a href=\"https:\/\/www.vfdb.org\/rundspruch.txt\">TXT Datei<\/a><\/li>\n<li>Der aktuelle Rundspruch als <a href=\"https:\/\/www.vfdb.org\/rundspruch.pdf\">PDF Datei<\/a><\/li>\n<\/ul>\n<h3>Vordrucke der Mitgliederverwaltung<\/h3>\n<ul>\n<li><a href=\"https:\/\/www.vfdb.org\/aktuell\/wp-content\/uploads\/2026\/04\/VFDB-Beitrittserklaerung.pdf\">Beitrittserkl\u00e4rung 2026<\/a>\u00a0auf dem Rechner ausf\u00fcllbar<\/li>\n<li><a href=\"\/files\/referate\/mitgliederverwaltung\/Aend_201010.pdf\">\u00c4nderungsmeldung<\/a> im pdf-Format (<strong>bitte das <a href=\"https:\/\/www.vfdb.org\/aktuell\/kontakt\/\" target=\"_blank\" rel=\"noopener\">Kontaktformular<\/a> der Webseite benutzen<\/strong>)<\/li>\n<\/ul>\n<p>&nbsp;<\/p>\n<h3>Vordrucke der Kassenverwaltung<\/h3>\n<ul>\n<li>Alles zum Thema Spenden findet man unter dem Men\u00fcpunkt: <a href=\"https:\/\/www.vfdb.org\/aktuell\/spenden\/\">SPENDEN<\/a><\/li>\n<li><a href=\"https:\/\/www.vfdb.org\/files\/download\/Reisekostenabrechnung_2020_04.xlsx\">Reisekostenabrechnung<\/a> im xls-Format<\/li>\n<\/ul>\n<p>&nbsp;<\/p>\n<h3>Vordrucke f\u00fcr Orts- und Bezirksverb\u00e4nde<strong><br \/>\n<\/strong><\/h3>\n<ul>\n<li><a href=\"\/files\/download\/Wahlprot_OV.pdf\">Wahlprotokoll der OV-Versammlung<\/a>\u00a0im PDF-Format<\/li>\n<li><a href=\"\/files\/download\/Wahlprot_BV.pdf\">Wahlprotokoll der BV-Versammlung<\/a>\u00a0im PDF-Format<\/li>\n<li><a href=\"https:\/\/www.vfdb.org\/files\/download\/Brief blanko VFDB.odt\">Briefpapier<\/a> als odt Format erstellt mit LibreOffice<\/li>\n<li><a href=\"https:\/\/www.vfdb.org\/files\/download\/Einladung_MV_OV_Z.odt\" target=\"_blank\" rel=\"noopener\">Briefpapier<\/a> als odt Format erstellt mit OpenOffice<\/li>\n<li><a href=\"https:\/\/www.vfdb.org\/files\/download\/Brief blanko VFDB.docx\">Briefpapier<\/a> als docx Format erstellt mit MS Word<\/li>\n<li><a href=\"https:\/\/www.vfdb.org\/files\/download\/Anwesenheitsliste Muster.odt\" target=\"_blank\" rel=\"noopener\">Anwesenheitsliste<\/a> als odt Format<\/li>\n<\/ul>\n<h3>SWL-DE-Kennzeichen<\/h3>\n<ul>\n<li><a href=\"https:\/\/www.vfdb.org\/aktuell\/wp-content\/uploads\/2025\/09\/Antrag-DE-Kennzeichen.pdf\">Antrag DE-Kennzeichen<\/a><\/li>\n<li><a href=\"https:\/\/www.vfdb.org\/aktuell\/wp-content\/uploads\/2025\/09\/Kurzanleitung-DE-Kennzeichen.pdf\">Kurzanleitung DE-Kennzeichen<\/a><\/li>\n<\/ul>\n<h3>Dateien f\u00fcr Standortbetreiber<\/h3>\n<ul>\n<li><a href=\"\/files\/download\/\/Unterweisung%20Arbeitsschutz%202012c.pdf\">Unterweisung Arbeitsschutz<\/a> als PDF-Datei<\/li>\n<\/ul>\n<p>&nbsp;<\/p>\n<h3>Arbeitsbl\u00e4tter f\u00fcr den Funkbetrieb<\/h3>\n<p>Das Funkbetriebs-Referat stellt Formulare und Unterlagen f\u00fcr unsere VFDB-Conteste und Aktivit\u00e4tstage zur Verf\u00fcgung, diese findet man stets unter <a href=\"https:\/\/www.vfdb.org\/files\/referate\/funkbetrieb\/formular\/\" target=\"_blank\" rel=\"noopener noreferrer\">https:\/\/www.vfdb.org\/files\/referate\/funkbetrieb\/formular\/<\/a><\/p>\n<p><strong>Weiter Dateien<br \/>\n<\/strong>Chris, DO5HCS bietet auf der\u00a0<a href=\"http:\/\/z87.vfdb.org\/\" target=\"_blank\" rel=\"noopener noreferrer\">Homepage von Z87<\/a> weitere hilfreiche Dateien f\u00fcr den Z-Contest an.<\/p>\n<p>&nbsp;<\/p>\n<h3>Druckwerke des VFDB e.V.<\/h3>\n<p>N\u00fctzliche Vorlagen und Arbeitsmaterialien f\u00fcr unsere Mitglieder und Funktionstr\u00e4ger, sind hier zu finden.<\/p>\n<h3><strong>Logo\u00b4s<\/strong><\/h3>\n<ul>\n<li><a href=\"\/files\/download\/druckwerke\/Logo_blau.jpg\">VFDB-Logo blau<\/a> 921 kB<\/li>\n<li><a href=\"\/files\/download\/druckwerke\/Logo_schwarz.jpg\">VFDB-Logo schwarz<\/a> 634 kB<\/li>\n<li><a href=\"\/files\/download\/druckwerke\/vfdbraute.gif\">VFDB-Raute<\/a> 13 kB<\/li>\n<\/ul>\n<h3><strong>Plakate<\/strong><\/h3>\n<ul>\n<li><a href=\"\/files\/download\/druckwerke\/Plakat_A2.pdf\">VFDB-Plakat A2<\/a> 628 kB<\/li>\n<li><a href=\"\/files\/download\/druckwerke\/BV_DL_farbig.jpg\">Bezirke in DL<\/a> 426 kB<\/li>\n<\/ul>\n<h3><strong>Visitenkarten<\/strong><\/h3>\n<ul>\n<li><a href=\"https:\/\/www.vfdb.org\/aktuell\/wp-content\/uploads\/2025\/06\/Vorlage-VFDB-Visitenkarte-blanko.docx\">Vorlage VFDB-Visitenkarte blanko<\/a><\/li>\n<\/ul>\n<p><strong>Flyer, Brosch\u00fcren<\/strong><\/p>\n<ul>\n<li>VFDB-Flyer Faltblatt, ist \u00fcber die VFDB Gesch\u00e4ftsstelle zu beziehen.<\/li>\n<li>VFDB\u00a0Image-Brosch\u00fcre wird derzeit \u00fcberarbeitet.<\/li>\n<\/ul>\n<p>&nbsp;<\/p>\n<p><strong>Weiteres<\/strong><\/p>\n<ul>\n<li>Mitglieder-Versicherung Haftpflicht &#8211; bitte bei der Gesch\u00e4ftsstelle melden wenn Bedarf<\/li>\n<li>Mitglieder-Versicherung Unfall- bitte bei der Gesch\u00e4ftsstelle melden wenn Bedarf<\/li>\n<\/ul>\n<p>&nbsp;<\/p>\n<p>Vielen unsere Dateien sind PDF-Dateien, wir empfehlen die Nutzung des <a href=\"https:\/\/get.adobe.com\/de\/reader\/\" target=\"_blank\" rel=\"noopener noreferrer\">Adobe Acrobat Readers<\/a><\/p>\n","protected":false},"excerpt":{"rendered":"<p>In diesem Bereich findest Du n\u00fctzliche Unterlagen wie aktuelle Formulare, die f\u00fcr die Arbeit als Funktionstr\u00e4ger sowie als Mitglied von nutzen sind. Hier ist auch das VFDB-Logo zu finden, der Flyer, die Image-Brosch\u00fcre, das Plakat und vieles mehr. Solltest du weitere Unterlagen ben\u00f6tigen, dann wende dich bitte an die VFDB e.V. Gesch\u00e4ftsstelle. &nbsp; Satzung, Gesch\u00e4fts-,&hellip; <a href=\"https:\/\/www.vfdb.org\/aktuell\/downloads\/\">Weiterlesen <span class=\"meta-nav\">&rarr;<\/span><\/a><\/p>\n","protected":false},"author":1,"featured_media":0,"parent":0,"menu_order":0,"comment_status":"closed","ping_status":"closed","template":"","meta":{"footnotes":""},"class_list":["post-129","page","type-page","status-publish","hentry"],"_links":{"self":[{"href":"https:\/\/www.vfdb.org\/aktuell\/wp-json\/wp\/v2\/pages\/129","targetHints":{"allow":["GET"]}}],"collection":[{"href":"https:\/\/www.vfdb.org\/aktuell\/wp-json\/wp\/v2\/pages"}],"about":[{"href":"https:\/\/www.vfdb.org\/aktuell\/wp-json\/wp\/v2\/types\/page"}],"author":[{"embeddable":true,"href":"https:\/\/www.vfdb.org\/aktuell\/wp-json\/wp\/v2\/users\/1"}],"replies":[{"embeddable":true,"href":"https:\/\/www.vfdb.org\/aktuell\/wp-json\/wp\/v2\/comments?post=129"}],"version-history":[{"count":102,"href":"https:\/\/www.vfdb.org\/aktuell\/wp-json\/wp\/v2\/pages\/129\/revisions"}],"predecessor-version":[{"id":6537,"href":"https:\/\/www.vfdb.org\/aktuell\/wp-json\/wp\/v2\/pages\/129\/revisions\/6537"}],"wp:attachment":[{"href":"https:\/\/www.vfdb.org\/aktuell\/wp-json\/wp\/v2\/media?parent=129"}],"curies":[{"name":"wp","href":"https:\/\/api.w.org\/{rel}","templated":true}]}}