{"id":13,"date":"2013-05-12T08:02:39","date_gmt":"2013-05-12T06:02:39","guid":{"rendered":"https:\/\/www.vfdb.org\/aktuell\/?page_id=13"},"modified":"2025-11-05T18:57:42","modified_gmt":"2025-11-05T17:57:42","slug":"auszeichnungen","status":"publish","type":"page","link":"https:\/\/www.vfdb.org\/aktuell\/organisation\/ehrennadelausschuss\/auszeichnungen\/","title":{"rendered":"Tr\u00e4ger der Ehrennadeln des VFDB e.V."},"content":{"rendered":"<p>Die Arbeit im und f\u00fcr den VFDB ist ehrenamtlich, daf\u00fcr gibt es kein Geld, vielleicht mal eine Belobigung. F\u00fcr besondere Verdienste verleiht der VFDB eine Silberne Ehrennadel, bzw. eine Goldene Ehrennadel als ganz besondere Auszeichnung.<\/p>\n<h3>Langj\u00e4hrige Mitglieder<\/h3>\n<p>VFDB-Mitglieder bleiben ihrem Verband in der Regel sehr lange treu. Wir ehren sie daf\u00fcr mit einer Urkunde, einen neuen Mitgliedsausweis und ein Namensschild in der passenden Farbe f\u00fcr<strong>\u00a025, 40, 50 Jahre Mitgliedschaft<\/strong>.<br \/>\nAus den Gr\u00fcnderjahren sind auch heute noch einige Oldtimer unter uns und wurden f\u00fcr <strong>60 j\u00e4hrige Mitgliedschaft<\/strong> geehrt:<\/p>\n<p>Mitglieder die 60 Jahre dem Verband treue geleistet haben werden \u00fcber die Bezirke geb\u00fchrend geehrt.<br \/>\nBei 70 j\u00e4hriger Zugeh\u00f6rigkeit nimmt der Hauptvorstand die Ehrung pers\u00f6nlich vor.<\/p>\n<h3>Tr\u00e4ger der Ehrennadel:<\/h3>\n<p>Bisher verliehene\u00a0<a href=\"\/files\/auszeichnungen\/silber.pdf\"><strong>Silberne Ehrennadeln<\/strong><strong>\u00a0<\/strong>\u00a0<\/a><\/p>\n<p>Bisher\u00a0verliehene\u00a0<a href=\"\/files\/auszeichnungen\/gold.pdf\"><strong>Goldene Ehrennadeln<\/strong><\/a><\/p>\n","protected":false},"excerpt":{"rendered":"<p>Die Arbeit im und f\u00fcr den VFDB ist ehrenamtlich, daf\u00fcr gibt es kein Geld, vielleicht mal eine Belobigung. F\u00fcr besondere Verdienste verleiht der VFDB eine Silberne Ehrennadel, bzw. eine Goldene Ehrennadel als ganz besondere Auszeichnung. Langj\u00e4hrige Mitglieder VFDB-Mitglieder bleiben ihrem Verband in der Regel sehr lange treu. Wir ehren sie daf\u00fcr mit einer Urkunde, einen&hellip; <a href=\"https:\/\/www.vfdb.org\/aktuell\/organisation\/ehrennadelausschuss\/auszeichnungen\/\">Weiterlesen <span class=\"meta-nav\">&rarr;<\/span><\/a><\/p>\n","protected":false},"author":1,"featured_media":0,"parent":546,"menu_order":0,"comment_status":"closed","ping_status":"closed","template":"","meta":{"footnotes":""},"class_list":["post-13","page","type-page","status-publish","hentry"],"_links":{"self":[{"href":"https:\/\/www.vfdb.org\/aktuell\/wp-json\/wp\/v2\/pages\/13","targetHints":{"allow":["GET"]}}],"collection":[{"href":"https:\/\/www.vfdb.org\/aktuell\/wp-json\/wp\/v2\/pages"}],"about":[{"href":"https:\/\/www.vfdb.org\/aktuell\/wp-json\/wp\/v2\/types\/page"}],"author":[{"embeddable":true,"href":"https:\/\/www.vfdb.org\/aktuell\/wp-json\/wp\/v2\/users\/1"}],"replies":[{"embeddable":true,"href":"https:\/\/www.vfdb.org\/aktuell\/wp-json\/wp\/v2\/comments?post=13"}],"version-history":[{"count":15,"href":"https:\/\/www.vfdb.org\/aktuell\/wp-json\/wp\/v2\/pages\/13\/revisions"}],"predecessor-version":[{"id":6285,"href":"https:\/\/www.vfdb.org\/aktuell\/wp-json\/wp\/v2\/pages\/13\/revisions\/6285"}],"up":[{"embeddable":true,"href":"https:\/\/www.vfdb.org\/aktuell\/wp-json\/wp\/v2\/pages\/546"}],"wp:attachment":[{"href":"https:\/\/www.vfdb.org\/aktuell\/wp-json\/wp\/v2\/media?parent=13"}],"curies":[{"name":"wp","href":"https:\/\/api.w.org\/{rel}","templated":true}]}}