{"id":4031,"date":"2021-04-02T11:52:03","date_gmt":"2021-04-02T09:52:03","guid":{"rendered":"https:\/\/www.vfdb.org\/aktuell\/?page_id=4031"},"modified":"2026-01-05T21:48:37","modified_gmt":"2026-01-05T20:48:37","slug":"mailingliste","status":"publish","type":"page","link":"https:\/\/www.vfdb.org\/aktuell\/organisation\/mailingliste\/","title":{"rendered":"Mailingliste"},"content":{"rendered":"<p>Der VFDB e.V. stellt Mailinglisten zur Verf\u00fcgung, unter anderem zu den Themen Rundspruch, Ortsverb\u00e4nden oder auch Bezirken. Dazu nutzen wir die Software Mailman.<\/p>\n<p><span style=\"text-decoration: underline;\"><strong>Was ist eine Mailingliste ?<\/strong><\/span><br \/>\nEine\u00a0<b>Mailingliste<\/b> bietet einer Gruppe von Teilnehmer die M\u00f6glichkeit zum Nachrichtenaustausch per E-Mail. Die Mailingliste selbst kennt alle Teilnehmer und ihre E-Mail-Adressen und hat selbst eine eigene E-Mail-Adresse (z.B. liste.thema@vfdb.org). Auf diese Weise kann jedes Mitglied der Mailingliste allen anderen Teilnehmer eine Nachricht zum Thema\u00a0 senden, ohne diese einzeln adressieren und sogar ohne die E-Mail-Adressen kennen zu m\u00fcssen. Dies ist sehr praktisch, wenn sich Menschen zu einem bestimmten Thema austauschen m\u00f6chten und diese Gruppe dynamisch w\u00e4chst. In der Regel muss sich ein Teilnehmer bei der Mailingliste zun\u00e4chst anmelden, um\u00a0 zum Thema Nachrichten zu erhalten oder um selbst Nachrichten an die Teilnehmer der Liste senden zu d\u00fcrfen.<\/p>\n<p>So k\u00f6nnen Mailinglisten zum verteilen von Informationen, wie Rundspruch oder aktuelle Meldungen, aber auch zur Diskussion genutzt werden. Dies ist davon abh\u00e4ngig, wie der Administrator die Einstellungen zur jeweiligen Mailingliste gesetzt hat.<\/p>\n<p><strong>Hinweis:\u00a0<\/strong><br \/>\nMit der Anmeldung an einer unsere Mailinglisten\u00a0 liste.xyz@vfdb.org stimmst du gem\u00e4\u00df Art. 6 Abs. 1 lit.a EU-Datenschutzgrundverordnung der Speicherung deiner Daten zum Zweck der Zustellung der E-Mails aus der Mailingliste zu.<\/p>\n<p><span style=\"text-decoration: underline;\"><strong>Wie melde ich mich an?<\/strong><\/span><br \/>\n\u00d6ffne dein Mailprogramm, mit der E-Mail Adresse, mit der du die Nachrichten empfangen und senden m\u00f6chtest. Schicke jetzt eine E-Mail an die E-Mail-Adresse der Liste (Thema) die du abonnieren m\u00f6chtest, und zwar in der Form liste.THEMA-join@vfdb.org. Der Betreff und der Text der Nachricht werden ignoriert, es ist also egal, was dort steht.<br \/>\nM\u00f6glicherweise erh\u00e4ltst du Sie eine E-Mail-Nachricht, in der du um Best\u00e4tigung gebeten wirst. Damit wird sichergestellt, dass du die Liste wirklich abonnieren m\u00f6chtest. Damit soll verhindert werden, dass jemand Sie ohne Ihre Zustimmung in Listen eintr\u00e4gt. Folge den Anweisungen in der Nachricht, um zu best\u00e4tigen, dass Sie die Liste abonnieren m\u00f6chten.<br \/>\nM\u00f6glicherweise muss auch ein Moderator dein Abonnement best\u00e4tigen, gedulde dich bitte etwas.<\/p>\n<blockquote><p><b>liste.THEMA-join@vfdb.org<\/b> &#8211; sendet man eine Nachricht an diese Adresse, kann damit das Abonnement dieser Liste durch ein neues Mitglied angefordert werden. Der verwendete Betreff (subject) und der Nachrichtentext (body) werden in diesem Fall beide ignoriert. Die Adresse <b>liste.THEMA<\/b><b>-subscribe@vfdb.org<\/b>\u00a0wirkt gleichwertig (ist ein Alias) zur &#8222;-join&#8220;-Adresse.<\/p><\/blockquote>\n<p><span style=\"text-decoration: underline;\"><strong>Wie melde ich mich ab?<\/strong><\/span><br \/>\nVielleicht hast du kein Interesse mehr an dem Thema, dann kannst du auch hierzu eine Mail senden, um die Liste zu verlassen.<br \/>\nUm sich <strong>auszutragen<\/strong> sende eine E-Mail an <strong>liste.<b>THEMA<\/b>-leave@vfdb.org<\/strong>. Auch hier ist der Betreff und der Text nicht relevant. Bitte folge dann den Anweisungen in der empfangenen E-Mail. In der empfangen E-Mail wird mit dem Klick auf den Link dein Wunsch best\u00e4tigt. Du musst also den Link aufrufen, um die Aktion zu vollenden.<\/p>\n<blockquote><p><b>MeineListe-leave@vfdb.org<\/b>\u00a0&#8211; sendet man eine Nachricht an diese Adresse, kann damit das Ende des Abonnement dieser Liste durch ein bestehendes Mitglied angefordert werden. Wie bei der &#8222;-join&#8220;-Adresse werden der verwendete Betreff (subject) und der Nachrichtentext (body) beide ignoriert. Die Adresse\u00a0<b>MeineListe-unsubscribe@vfdb.org<\/b> wirkt gleichwertig (ist ein Alias) zur &#8222;-leave&#8220;-Adresse.<\/p><\/blockquote>\n<p><span style=\"text-decoration: underline;\"><strong>Wie bekomme ich Hilfe?\u00a0<\/strong><\/span><br \/>\nHilfe bekommst du, wenn du eine E-Mail mit dem Betreff\u00a0 &#8220; help &#8220; an liste.thema-request@vfdb.org sendest. Oder du wendest dich direkt an das VFDB e.V. Webteam, per E-Mail.<\/p>\n<p>&nbsp;<\/p>\n<p><strong>Hinweis zur <a href=\"http:\/\/lists.vfdb.org\/cgi-bin\/mailman\/listinfo\/liste.rundspruch\">VFDB-Rundspruch Mailingliste<\/a><br \/>\n<\/strong>Der VFDB e.V. sendet vor der ersten offiziellen Aussendung den Rundspruch als PDF und MP3 Datei an Rundspruchstationen und Echolink-Stationen, damit der VFDB-Rundspruch m\u00f6glichst zeitgleich auf zahlreichen Frequenzen gesendet werden kann. M\u00f6chtest du dich als Empf\u00e4nger <strong>eintragen<\/strong>, dann sende eine E-Mail an <strong>liste.rundspruch-join@vfdb.org<\/strong>. Der Betreff und der Text der Nachricht werden ignoriert, so dass es egal ist was dort eintragen ist. <strong>Hilfe<\/strong> bekommst du, wenn du eine E-Mail mit dem Betreff &#8220; help &#8220; an liste.rundspruch-request@vfdb.org sendest.<\/p>\n<p><span style=\"text-decoration: underline;\"><strong>Wie verwalte ich meine eigene Mailingliste?<\/strong><\/span><br \/>\nDazu findest du unter anderem hier eine gute Anleitung: https:\/\/www.rrz.uni-hamburg.de\/services\/e-mail\/daten\/mailman1-pdf.pdf<\/p>\n","protected":false},"excerpt":{"rendered":"<p>Der VFDB e.V. stellt Mailinglisten zur Verf\u00fcgung, unter anderem zu den Themen Rundspruch, Ortsverb\u00e4nden oder auch Bezirken. Dazu nutzen wir die Software Mailman. Was ist eine Mailingliste ? Eine\u00a0Mailingliste bietet einer Gruppe von Teilnehmer die M\u00f6glichkeit zum Nachrichtenaustausch per E-Mail. Die Mailingliste selbst kennt alle Teilnehmer und ihre E-Mail-Adressen und hat selbst eine eigene E-Mail-Adresse&hellip; <a href=\"https:\/\/www.vfdb.org\/aktuell\/organisation\/mailingliste\/\">Weiterlesen <span class=\"meta-nav\">&rarr;<\/span><\/a><\/p>\n","protected":false},"author":2,"featured_media":0,"parent":54,"menu_order":0,"comment_status":"closed","ping_status":"closed","template":"","meta":{"footnotes":""},"class_list":["post-4031","page","type-page","status-publish","hentry"],"_links":{"self":[{"href":"https:\/\/www.vfdb.org\/aktuell\/wp-json\/wp\/v2\/pages\/4031","targetHints":{"allow":["GET"]}}],"collection":[{"href":"https:\/\/www.vfdb.org\/aktuell\/wp-json\/wp\/v2\/pages"}],"about":[{"href":"https:\/\/www.vfdb.org\/aktuell\/wp-json\/wp\/v2\/types\/page"}],"author":[{"embeddable":true,"href":"https:\/\/www.vfdb.org\/aktuell\/wp-json\/wp\/v2\/users\/2"}],"replies":[{"embeddable":true,"href":"https:\/\/www.vfdb.org\/aktuell\/wp-json\/wp\/v2\/comments?post=4031"}],"version-history":[{"count":12,"href":"https:\/\/www.vfdb.org\/aktuell\/wp-json\/wp\/v2\/pages\/4031\/revisions"}],"predecessor-version":[{"id":6402,"href":"https:\/\/www.vfdb.org\/aktuell\/wp-json\/wp\/v2\/pages\/4031\/revisions\/6402"}],"up":[{"embeddable":true,"href":"https:\/\/www.vfdb.org\/aktuell\/wp-json\/wp\/v2\/pages\/54"}],"wp:attachment":[{"href":"https:\/\/www.vfdb.org\/aktuell\/wp-json\/wp\/v2\/media?parent=4031"}],"curies":[{"name":"wp","href":"https:\/\/api.w.org\/{rel}","templated":true}]}}