{"id":4234,"date":"2021-08-11T09:22:17","date_gmt":"2021-08-11T07:22:17","guid":{"rendered":"https:\/\/www.vfdb.org\/aktuell\/?page_id=4234"},"modified":"2023-03-27T12:19:27","modified_gmt":"2023-03-27T10:19:27","slug":"ehrenmitglieder-des-vfdb-e-v","status":"publish","type":"page","link":"https:\/\/www.vfdb.org\/aktuell\/organisation\/vorstand\/ehrenmitglieder-des-vfdb-e-v\/","title":{"rendered":"Ehrenmitglieder des VFDB e.V."},"content":{"rendered":"<p>F\u00fcr herausragende Verdienste um den VFDB e.V. wird in seltenen F\u00e4llen die Ehrenmitgliedschaft verliehen.<br \/>\nDiese hohe Auszeichnung erhielten bisher:<\/p>\n<ul>\n<li>Fritz Harder DL3FH (s.k.)<\/li>\n<li>Alfred Sch\u00e4dlich DL1XJ (s.k.)<\/li>\n<li>Karl-Heinz Vogt DL6YH (s.k.)<\/li>\n<li>Klaus B\u00f6ttcher DJ3RW (s.k.)<\/li>\n<li>Renate Seidler DJ6IN<\/li>\n<li>Heinz M\u00fcller DL9YS (s.K.)<\/li>\n<li>Gerd Hoyer DJ1GE (s.K.)<\/li>\n<li>Johannes Berger DL1WW (s.k.)<\/li>\n<li>Dieter Schmidt DL7HD<\/li>\n<\/ul>\n","protected":false},"excerpt":{"rendered":"<p>F\u00fcr herausragende Verdienste um den VFDB e.V. wird in seltenen F\u00e4llen die Ehrenmitgliedschaft verliehen. Diese hohe Auszeichnung erhielten bisher: Fritz Harder DL3FH (s.k.) Alfred Sch\u00e4dlich DL1XJ (s.k.) Karl-Heinz Vogt DL6YH (s.k.) Klaus B\u00f6ttcher DJ3RW (s.k.) Renate Seidler DJ6IN Heinz M\u00fcller DL9YS (s.K.) Gerd Hoyer DJ1GE (s.K.) Johannes Berger DL1WW (s.k.) Dieter Schmidt DL7HD<\/p>\n","protected":false},"author":3,"featured_media":0,"parent":55,"menu_order":1,"comment_status":"closed","ping_status":"closed","template":"","meta":{"footnotes":""},"class_list":["post-4234","page","type-page","status-publish","hentry"],"_links":{"self":[{"href":"https:\/\/www.vfdb.org\/aktuell\/wp-json\/wp\/v2\/pages\/4234","targetHints":{"allow":["GET"]}}],"collection":[{"href":"https:\/\/www.vfdb.org\/aktuell\/wp-json\/wp\/v2\/pages"}],"about":[{"href":"https:\/\/www.vfdb.org\/aktuell\/wp-json\/wp\/v2\/types\/page"}],"author":[{"embeddable":true,"href":"https:\/\/www.vfdb.org\/aktuell\/wp-json\/wp\/v2\/users\/3"}],"replies":[{"embeddable":true,"href":"https:\/\/www.vfdb.org\/aktuell\/wp-json\/wp\/v2\/comments?post=4234"}],"version-history":[{"count":2,"href":"https:\/\/www.vfdb.org\/aktuell\/wp-json\/wp\/v2\/pages\/4234\/revisions"}],"predecessor-version":[{"id":5049,"href":"https:\/\/www.vfdb.org\/aktuell\/wp-json\/wp\/v2\/pages\/4234\/revisions\/5049"}],"up":[{"embeddable":true,"href":"https:\/\/www.vfdb.org\/aktuell\/wp-json\/wp\/v2\/pages\/55"}],"wp:attachment":[{"href":"https:\/\/www.vfdb.org\/aktuell\/wp-json\/wp\/v2\/media?parent=4234"}],"curies":[{"name":"wp","href":"https:\/\/api.w.org\/{rel}","templated":true}]}}