{"id":4651,"date":"2022-10-01T15:25:57","date_gmt":"2022-10-01T13:25:57","guid":{"rendered":"https:\/\/www.vfdb.org\/aktuell\/?page_id=4651"},"modified":"2023-03-04T12:01:26","modified_gmt":"2023-03-04T11:01:26","slug":"z67","status":"publish","type":"page","link":"https:\/\/www.vfdb.org\/aktuell\/z67\/","title":{"rendered":"Z67"},"content":{"rendered":"<p><strong>Kontakt zum Ortsverband Z67 M\u00fcnchen-West:\u00a0<\/strong><\/p>\n<p>Hans Brunner, DC5CQ, Langobardenstr.23, 86836 Untermeitingen<\/p>\n<p>&nbsp;<\/p>\n<p><strong>OV-Abend, OV-Treffen:\u00a0<\/strong><\/p>\n<p>Jeden letzten Freitag im Monat ab 17:00 Uhr<\/p>\n<p>Gastst\u00e4tte B\u00fcrgerstuben, Hauptstra\u00dfe 60, 82223 Eichenau<\/p>\n<p>&nbsp;<\/p>\n<p><strong>OV-Frequenz und Runden:\u00a0<\/strong><\/p>\n<p>Keine bestimmten Frequenzen und Runden<\/p>\n<p>&nbsp;<\/p>\n<p><strong>Clubstation:<\/strong><\/p>\n<p>DL0MM vertreten durch DF2MQ Rudolf Hetterich<\/p>\n<p>&nbsp;<\/p>\n","protected":false},"excerpt":{"rendered":"<p>Kontakt zum Ortsverband Z67 M\u00fcnchen-West:\u00a0 Hans Brunner, DC5CQ, Langobardenstr.23, 86836 Untermeitingen &nbsp; OV-Abend, OV-Treffen:\u00a0 Jeden letzten Freitag im Monat ab 17:00 Uhr Gastst\u00e4tte B\u00fcrgerstuben, Hauptstra\u00dfe 60, 82223 Eichenau &nbsp; OV-Frequenz und Runden:\u00a0 Keine bestimmten Frequenzen und Runden &nbsp; Clubstation: DL0MM vertreten durch DF2MQ Rudolf Hetterich &nbsp;<\/p>\n","protected":false},"author":2,"featured_media":0,"parent":0,"menu_order":0,"comment_status":"closed","ping_status":"closed","template":"templates\/_full_width.php","meta":{"footnotes":""},"class_list":["post-4651","page","type-page","status-publish","hentry"],"_links":{"self":[{"href":"https:\/\/www.vfdb.org\/aktuell\/wp-json\/wp\/v2\/pages\/4651","targetHints":{"allow":["GET"]}}],"collection":[{"href":"https:\/\/www.vfdb.org\/aktuell\/wp-json\/wp\/v2\/pages"}],"about":[{"href":"https:\/\/www.vfdb.org\/aktuell\/wp-json\/wp\/v2\/types\/page"}],"author":[{"embeddable":true,"href":"https:\/\/www.vfdb.org\/aktuell\/wp-json\/wp\/v2\/users\/2"}],"replies":[{"embeddable":true,"href":"https:\/\/www.vfdb.org\/aktuell\/wp-json\/wp\/v2\/comments?post=4651"}],"version-history":[{"count":3,"href":"https:\/\/www.vfdb.org\/aktuell\/wp-json\/wp\/v2\/pages\/4651\/revisions"}],"predecessor-version":[{"id":5012,"href":"https:\/\/www.vfdb.org\/aktuell\/wp-json\/wp\/v2\/pages\/4651\/revisions\/5012"}],"wp:attachment":[{"href":"https:\/\/www.vfdb.org\/aktuell\/wp-json\/wp\/v2\/media?parent=4651"}],"curies":[{"name":"wp","href":"https:\/\/api.w.org\/{rel}","templated":true}]}}