{"id":4686,"date":"2022-10-01T15:37:29","date_gmt":"2022-10-01T13:37:29","guid":{"rendered":"https:\/\/www.vfdb.org\/aktuell\/?page_id=4686"},"modified":"2022-11-09T08:45:14","modified_gmt":"2022-11-09T07:45:14","slug":"z41","status":"publish","type":"page","link":"https:\/\/www.vfdb.org\/aktuell\/z41\/","title":{"rendered":"Z41"},"content":{"rendered":"<p><strong>Kontakt zum Ortsverband Z41 Bielefeld:<\/strong><br \/>\nLothar Klau\u00df, DG1YCF<br \/>\nL\u00fcbbecker Str. 134a<br \/>\n32429 Minden<br \/>\nTel. 0571 580111<\/p>\n<p><strong>OV-Abend, OV-Treffen:<\/strong><br \/>\npers\u00f6nliche Treffen nach individueller Absprache<\/p>\n<p><strong>OV-Frequenz und Runden:<\/strong><br \/>\n2 m FM 144,750 MHz ca. 19:15 Uhr<br \/>\n80 m SSB 3,788 MHz ca. 09:30 Uhr<\/p>\n<p><strong>Clubstation:<\/strong><br \/>\nwir haben keine eigene Clubstation<\/p>\n<p><strong>\u00dcber uns:<\/strong><br \/>\nals kleiner OV mit wenigen Aktiven OM treffen wir uns gelegentlich nach Absprache<\/p>\n","protected":false},"excerpt":{"rendered":"<p>Kontakt zum Ortsverband Z41 Bielefeld: Lothar Klau\u00df, DG1YCF L\u00fcbbecker Str. 134a 32429 Minden Tel. 0571 580111 OV-Abend, OV-Treffen: pers\u00f6nliche Treffen nach individueller Absprache OV-Frequenz und Runden: 2 m FM 144,750 MHz ca. 19:15 Uhr 80 m SSB 3,788 MHz ca. 09:30 Uhr Clubstation: wir haben keine eigene Clubstation \u00dcber uns: als kleiner OV mit wenigen&hellip; <a href=\"https:\/\/www.vfdb.org\/aktuell\/z41\/\">Weiterlesen <span class=\"meta-nav\">&rarr;<\/span><\/a><\/p>\n","protected":false},"author":2,"featured_media":0,"parent":0,"menu_order":0,"comment_status":"closed","ping_status":"closed","template":"templates\/_full_width.php","meta":{"footnotes":""},"class_list":["post-4686","page","type-page","status-publish","hentry"],"_links":{"self":[{"href":"https:\/\/www.vfdb.org\/aktuell\/wp-json\/wp\/v2\/pages\/4686","targetHints":{"allow":["GET"]}}],"collection":[{"href":"https:\/\/www.vfdb.org\/aktuell\/wp-json\/wp\/v2\/pages"}],"about":[{"href":"https:\/\/www.vfdb.org\/aktuell\/wp-json\/wp\/v2\/types\/page"}],"author":[{"embeddable":true,"href":"https:\/\/www.vfdb.org\/aktuell\/wp-json\/wp\/v2\/users\/2"}],"replies":[{"embeddable":true,"href":"https:\/\/www.vfdb.org\/aktuell\/wp-json\/wp\/v2\/comments?post=4686"}],"version-history":[{"count":3,"href":"https:\/\/www.vfdb.org\/aktuell\/wp-json\/wp\/v2\/pages\/4686\/revisions"}],"predecessor-version":[{"id":4827,"href":"https:\/\/www.vfdb.org\/aktuell\/wp-json\/wp\/v2\/pages\/4686\/revisions\/4827"}],"wp:attachment":[{"href":"https:\/\/www.vfdb.org\/aktuell\/wp-json\/wp\/v2\/media?parent=4686"}],"curies":[{"name":"wp","href":"https:\/\/api.w.org\/{rel}","templated":true}]}}