{"id":4695,"date":"2022-10-01T15:40:04","date_gmt":"2022-10-01T13:40:04","guid":{"rendered":"https:\/\/www.vfdb.org\/aktuell\/?page_id=4695"},"modified":"2022-10-05T21:12:14","modified_gmt":"2022-10-05T19:12:14","slug":"z58","status":"publish","type":"page","link":"https:\/\/www.vfdb.org\/aktuell\/z58\/","title":{"rendered":"Z58"},"content":{"rendered":"<p><strong><b>Kontakt zum Ortsverband Z58 Schw\u00e4bisch Hall<br \/>\n<\/b><\/strong>Kurt Hellmich, DF8SE, Gro\u00dfcomburger Weg 21, 74523 Schw\u00e4bisch Hall, Tel: +49 791 42721<\/p>\n<p>&nbsp;<\/p>\n<p><strong><b>OV-Abend, OV-Treffen:<br \/>\n<\/b><\/strong>In Kooperation mit DARC-OV P20, weitere Details sind auf der Homepage vom Ortsverband P20 zu finden: <a href=\"https:\/\/www.darc.de\/der-club\/distrikte\/p\/ortsverbaende\/20\/\">https:\/\/www.darc.de\/der-club\/distrikte\/p\/ortsverbaende\/20\/<\/a><\/p>\n<p>&nbsp;<\/p>\n<p><strong><b>OV-Frequenz und Runden:<br \/>\n<\/b><\/strong>Zusammen mit P20 benutzt man folgende Frequenzen.<\/p>\n<ul>\n<li>\u00a01863 kHz ab 1730 Lokalzeit, t\u00e4glich<\/li>\n<li>28333 kHz ab 1100 Lokalzeit, Sonntag<\/li>\n<li>145,250 MHz bei Bedarf<\/li>\n<\/ul>\n<p>&nbsp;<\/p>\n<p><strong><b>Clubstation:<br \/>\n<\/b><\/strong>DK0II, via DF8SE<\/p>\n<p>&nbsp;<\/p>\n<p><strong><b>\u00dcber uns:<br \/>\n<\/b><\/strong>aufgrund CORONA z.Zt. keine regelm\u00e4\u00dfigen Treffen<\/p>\n<p>&nbsp;<\/p>\n","protected":false},"excerpt":{"rendered":"<p>Kontakt zum Ortsverband Z58 Schw\u00e4bisch Hall Kurt Hellmich, DF8SE, Gro\u00dfcomburger Weg 21, 74523 Schw\u00e4bisch Hall, Tel: +49 791 42721 &nbsp; OV-Abend, OV-Treffen: In Kooperation mit DARC-OV P20, weitere Details sind auf der Homepage vom Ortsverband P20 zu finden: https:\/\/www.darc.de\/der-club\/distrikte\/p\/ortsverbaende\/20\/ &nbsp; OV-Frequenz und Runden: Zusammen mit P20 benutzt man folgende Frequenzen. \u00a01863 kHz ab 1730 Lokalzeit,&hellip; <a href=\"https:\/\/www.vfdb.org\/aktuell\/z58\/\">Weiterlesen <span class=\"meta-nav\">&rarr;<\/span><\/a><\/p>\n","protected":false},"author":2,"featured_media":0,"parent":0,"menu_order":0,"comment_status":"closed","ping_status":"closed","template":"templates\/_full_width.php","meta":{"footnotes":""},"class_list":["post-4695","page","type-page","status-publish","hentry"],"_links":{"self":[{"href":"https:\/\/www.vfdb.org\/aktuell\/wp-json\/wp\/v2\/pages\/4695","targetHints":{"allow":["GET"]}}],"collection":[{"href":"https:\/\/www.vfdb.org\/aktuell\/wp-json\/wp\/v2\/pages"}],"about":[{"href":"https:\/\/www.vfdb.org\/aktuell\/wp-json\/wp\/v2\/types\/page"}],"author":[{"embeddable":true,"href":"https:\/\/www.vfdb.org\/aktuell\/wp-json\/wp\/v2\/users\/2"}],"replies":[{"embeddable":true,"href":"https:\/\/www.vfdb.org\/aktuell\/wp-json\/wp\/v2\/comments?post=4695"}],"version-history":[{"count":5,"href":"https:\/\/www.vfdb.org\/aktuell\/wp-json\/wp\/v2\/pages\/4695\/revisions"}],"predecessor-version":[{"id":4731,"href":"https:\/\/www.vfdb.org\/aktuell\/wp-json\/wp\/v2\/pages\/4695\/revisions\/4731"}],"wp:attachment":[{"href":"https:\/\/www.vfdb.org\/aktuell\/wp-json\/wp\/v2\/media?parent=4695"}],"curies":[{"name":"wp","href":"https:\/\/api.w.org\/{rel}","templated":true}]}}