{"id":481,"date":"2015-07-23T20:01:31","date_gmt":"2015-07-23T18:01:31","guid":{"rendered":"https:\/\/www.vfdb.org\/aktuell\/?page_id=481"},"modified":"2021-01-29T17:54:16","modified_gmt":"2021-01-29T16:54:16","slug":"festschriften","status":"publish","type":"page","link":"https:\/\/www.vfdb.org\/aktuell\/organisation\/festschriften\/","title":{"rendered":"Festschriften"},"content":{"rendered":"<p>Der VFDB\u00a0wurde am 11.Januar 1950 gegr\u00fcndet. Aus Anlass der Jubil\u00e4en f\u00fcr 40, 50 und 60 Jahre wurden Festschriften gedruckt.<\/p>\n<p>Das Heft zum 40j\u00e4hrigen beschreibt die Entwicklung des VFDB\u00a0seit der Gr\u00fcndung. Die Jubul\u00e4umsausgabe f\u00fcr 50 Jahre stellt im Besonderen die Bezirks- und Ortsverb\u00e4nde vor. In der Ausgabe f\u00fcr 60 Jahr folgt ein kurzer R\u00fcckblick auf die Vergangenheit, aber besonders die Zukunftsperspektiven werden angedacht. Die Daten liegen als PDF-Dateien zum Download bereit.<\/p>\n<p>&nbsp;<\/p>\n<ul>\n<li style=\"list-style-type: none;\">\n<ul>\n<li><a href=\"\/files\/hv\/festschriften\/festschrift10.pdf\">VFDB Infoblatt 10 Jahre<\/a><\/li>\n<\/ul>\n<\/li>\n<\/ul>\n<p>&nbsp;<\/p>\n<ul>\n<li style=\"list-style-type: none;\">\n<ul>\n<li><a href=\"\/files\/hv\/festschriften\/25jahre.pdf\">Zeitungsbericht 25 Jahre<\/a><\/li>\n<\/ul>\n<\/li>\n<\/ul>\n<p>&nbsp;<\/p>\n<ul>\n<li style=\"list-style-type: none;\">\n<ul>\n<li><a href=\"\/files\/hv\/festschriften\/festschrift40.pdf\">Jubil\u00e4umsausgabe 40 Jahre<\/a><\/li>\n<\/ul>\n<\/li>\n<\/ul>\n<p>&nbsp;<\/p>\n<ul>\n<li style=\"list-style-type: none;\">\n<ul>\n<li><a href=\"\/files\/hv\/festschriften\/Festschrift50.pdf\">Jubil\u00e4umsausgabe 50 Jahre<\/a><\/li>\n<\/ul>\n<\/li>\n<\/ul>\n<p>&nbsp;<\/p>\n<ul>\n<li style=\"list-style-type: none;\">\n<ul>\n<li><a href=\"\/files\/hv\/festschriften\/festschrift60.pdf\">Jubil\u00e4umsausgabe 60 Jahre<\/a><\/li>\n<\/ul>\n<\/li>\n<\/ul>\n<p>&nbsp;<\/p>\n<p>&nbsp;<\/p>\n","protected":false},"excerpt":{"rendered":"<p>Der VFDB\u00a0wurde am 11.Januar 1950 gegr\u00fcndet. Aus Anlass der Jubil\u00e4en f\u00fcr 40, 50 und 60 Jahre wurden Festschriften gedruckt. Das Heft zum 40j\u00e4hrigen beschreibt die Entwicklung des VFDB\u00a0seit der Gr\u00fcndung. Die Jubul\u00e4umsausgabe f\u00fcr 50 Jahre stellt im Besonderen die Bezirks- und Ortsverb\u00e4nde vor. In der Ausgabe f\u00fcr 60 Jahr folgt ein kurzer R\u00fcckblick auf die&hellip; <a href=\"https:\/\/www.vfdb.org\/aktuell\/organisation\/festschriften\/\">Weiterlesen <span class=\"meta-nav\">&rarr;<\/span><\/a><\/p>\n","protected":false},"author":2,"featured_media":0,"parent":54,"menu_order":0,"comment_status":"closed","ping_status":"open","template":"","meta":{"footnotes":""},"class_list":["post-481","page","type-page","status-publish","hentry"],"_links":{"self":[{"href":"https:\/\/www.vfdb.org\/aktuell\/wp-json\/wp\/v2\/pages\/481","targetHints":{"allow":["GET"]}}],"collection":[{"href":"https:\/\/www.vfdb.org\/aktuell\/wp-json\/wp\/v2\/pages"}],"about":[{"href":"https:\/\/www.vfdb.org\/aktuell\/wp-json\/wp\/v2\/types\/page"}],"author":[{"embeddable":true,"href":"https:\/\/www.vfdb.org\/aktuell\/wp-json\/wp\/v2\/users\/2"}],"replies":[{"embeddable":true,"href":"https:\/\/www.vfdb.org\/aktuell\/wp-json\/wp\/v2\/comments?post=481"}],"version-history":[{"count":9,"href":"https:\/\/www.vfdb.org\/aktuell\/wp-json\/wp\/v2\/pages\/481\/revisions"}],"predecessor-version":[{"id":3971,"href":"https:\/\/www.vfdb.org\/aktuell\/wp-json\/wp\/v2\/pages\/481\/revisions\/3971"}],"up":[{"embeddable":true,"href":"https:\/\/www.vfdb.org\/aktuell\/wp-json\/wp\/v2\/pages\/54"}],"wp:attachment":[{"href":"https:\/\/www.vfdb.org\/aktuell\/wp-json\/wp\/v2\/media?parent=481"}],"curies":[{"name":"wp","href":"https:\/\/api.w.org\/{rel}","templated":true}]}}