{"id":508,"date":"2015-07-23T21:22:31","date_gmt":"2015-07-23T19:22:31","guid":{"rendered":"https:\/\/www.vfdb.org\/aktuell\/?page_id=508"},"modified":"2026-01-03T12:19:24","modified_gmt":"2026-01-03T11:19:24","slug":"rundspruch","status":"publish","type":"page","link":"https:\/\/www.vfdb.org\/aktuell\/rundspruch\/","title":{"rendered":"Rundspruch"},"content":{"rendered":"<p><strong>Der VFDB-Rundspruch ist die monatliche Nachrichtensendung f\u00fcr alle Mitglieder des VFDB. Dieser Rundspruch wird regelm\u00e4\u00dfig auf Amateurfunkfrequenzen ausgestrahlt und ist \u00f6ffentlich empfangbar.<\/strong><\/p>\n<h3>Live h\u00f6ren<\/h3>\n<p>Den Rundspruch h\u00f6ren Sie an jedem 1. Samstag im Monat um 15:00 Uhr UTC auf der Frequenz 3640 kHz +\/- QRM und wird in Folge auch \u00fcber einige Relaisstationen abgestrahlt, zum Beispiel am 1. Sonntag jeden Monats ab 11 Uhr \u00fcber den VFDB-Relaisverbund Nordrhein bestehend aus Wuppertal, Dortmund, Bonn, Osnabr\u00fcck, Koblenz, Gie\u00dfen.<br \/>\nSofern Sie Interesse haben, den VFDB-Rundspruch ganz oder in Teilen zu senden, wenden Sie sich bitte an die Gesch\u00e4ftsstelle des VFDB e.V. Vielen Dank!<\/p>\n<h3>Wo kann ich ihn empfangen?<\/h3>\n<p>Datum: jeweils am 1. Samstag im Monat, ausser in den Monaten Juli und August<\/p>\n<p>Zeit: \u00a0 \u00a0 15:00 Uhr UTC, 15 Minuten vorher vorloggen<\/p>\n<p>QRG:\u00a0\u00a0 3640 kHz +\/- QRM<\/p>\n<p>Mode: \u00a0 LSB<\/p>\n<p>sowie auf zahlreichen UKW-Echolink-Relais zur selben Zeit oder kurze Zeit sp\u00e4ter.<\/p>\n<h3>Wo kann ich den Empfang melden?<\/h3>\n<p>In der Regel wird auf den jeweiligen Frequenzen ein sogenannter Best\u00e4tigungsverkehr durchgef\u00fchrt. Wir m\u00f6chten aber auch allen Kurzwellenh\u00f6rern (SWLs) eine Online-M\u00f6glichkeit anbieten, den Empfang zu best\u00e4tigen.<\/p>\n<p>Dazu wurde diese Webseite eingerichtet:\u00a0<a href=\"https:\/\/www.vfdb.org\/empfangsbericht\/\" target=\"_blank\" rel=\"noopener noreferrer\">https:\/\/www.vfdb.org\/empfangsbericht\/<\/a><\/p>\n<h3>Wer sendet ihn?<\/h3>\n<p>Rundspruchstation sind DF0FTP, DL0FTP, DB0DBP, DF0DBP DK0DBP und DL0DBP im Wechsel.\u00a0Verschiedene lokale Stationen strahlen unsere Rundspr\u00fcche au\u00dferdem \u00fcber unterschiedliche Relaisstationen ab.<\/p>\n<h3>Als Datei beziehen<\/h3>\n<p>Die Rundspr\u00fcche sind auch auf unserer Webseite www.vfdb.org als PDF- und MP3-Datei zu finden. F\u00fcr den jeweils aktuellen Rundspruch stehen folgende URLs zur Verf\u00fcgung:<\/p>\n<ul>\n<li><a href=\"http:\/\/www.vfdb.org\/rundspruch.pdf\">https:\/\/www.vfdb.org\/rundspruch.pdf<\/a><\/li>\n<li><a href=\"https:\/\/www.vfdb.org\/rundspruch.txt\">https:\/\/www.vfdb.org\/rundspruch.txt<\/a><\/li>\n<li><a href=\"https:\/\/www.vfdb.org\/rundspruch.mp3\">https:\/\/www.vfdb.org\/rundspruch.mp3<\/a><\/li>\n<\/ul>\n<h3>Empfang via Echolink<\/h3>\n<p>Der VFDB e. V. macht den VFDB-Rundspruch auf UKW h\u00f6rbar. Dabei werden zahlreiche Echolink-Relais und -Hotspots mittels eines Konferenzservers verbunden. Auf diese Weise kann der VFDB-Rundspruch an viele Relaisstationen live verteilt werden.<\/p>\n<h3>Meldungen einreichen<\/h3>\n<p>Jedes VFDB-Mitglied kann Beitr\u00e4ge f\u00fcr den VFDB-Rundspruch beisteuern. Meist werden diese Beitr\u00e4ge zus\u00e4tzlich auf der VFDB-HV Webseite ver\u00f6ffentlicht. Dies geht ganz einfach per formlosem E-Mail. Schickt eure Beitr\u00e4ge an die VFDB-Redaktion an die Adresse redaktion (at) vfdb.org.<\/p>\n<h3>Das Rundspruch-Archiv<\/h3>\n<p>W\u00e4hlen Sie das Ausgabejahr und klicken dann auf den entsprechenden Monat, um das pdf-Dokument anzuzeigen.<br \/>\nHinweis: Zum Betrachten von PDF-Dokumenten k\u00f6nnen Sie den kostenlosen Adobe Acrobat Reader oder jeden anderen PDF-Viewer verwenden.<\/p>\n<p>Hier gibt es die <a href=\"https:\/\/www.vfdb.org\/files\/referate\/redaktion\/pdf\/\" target=\"_blank\" rel=\"noopener noreferrer\">PDF-Dateien<\/a>, hier die <a href=\"https:\/\/www.vfdb.org\/files\/referate\/redaktion\/mp3\/\" target=\"_blank\" rel=\"noopener noreferrer\">MP3-Dateien<\/a>.<\/p>\n<h3>Rundspruch Stationen<\/h3>\n<p>Der VFDB e. V. versucht, seinen Rundspruch m\u00f6glichst in ganz Deutschland auf unterschiedlichen Frequenzen und zum Teil zu unterschiedlichen Uhrzeiten auszusenden. Deshalb helfen freiwillige Funkamateure den VFDB-Rundspruch auszusenden. <a href=\"https:\/\/www.vfdb.org\/service\/rundspruchstationen\">Hier<\/a> eine Liste, die keinen Anspruch auf Vollst\u00e4ndigkeit hat. (<a href=\"https:\/\/www.vfdb.org\/service\/rundspruchstationen\">https:\/\/www.vfdb.org\/service\/rundspruchstationen<\/a>)<\/p>\n<h3>Der RADIOAMPT Rundspruch<\/h3>\n<p style=\"font-weight: 400;\">Die Runde der RADIOAMPT l\u00e4uft jeden Samstag um 08:00 Uhr Localtime auf 3660 kHz +\/- QRM als \u201e QSO de section Radioampt\u201c. In der Regel wird sie von Christian F6AHZ geleitet. Die Runde dauert etwa eine gute halbe Stunde. Es sind zwei Durchg\u00e4nge, zuerst Vorstellung und Rapport, danach Schlussrunde mit diversen Informationen.<\/p>\n<p>&nbsp;<\/p>\n","protected":false},"excerpt":{"rendered":"<p>Der VFDB-Rundspruch ist die monatliche Nachrichtensendung f\u00fcr alle Mitglieder des VFDB. Dieser Rundspruch wird regelm\u00e4\u00dfig auf Amateurfunkfrequenzen ausgestrahlt und ist \u00f6ffentlich empfangbar. Live h\u00f6ren Den Rundspruch h\u00f6ren Sie an jedem 1. Samstag im Monat um 15:00 Uhr UTC auf der Frequenz 3640 kHz +\/- QRM und wird in Folge auch \u00fcber einige Relaisstationen abgestrahlt, zum&hellip; <a href=\"https:\/\/www.vfdb.org\/aktuell\/rundspruch\/\">Weiterlesen <span class=\"meta-nav\">&rarr;<\/span><\/a><\/p>\n","protected":false},"author":2,"featured_media":0,"parent":0,"menu_order":0,"comment_status":"closed","ping_status":"open","template":"","meta":{"footnotes":""},"class_list":["post-508","page","type-page","status-publish","hentry"],"_links":{"self":[{"href":"https:\/\/www.vfdb.org\/aktuell\/wp-json\/wp\/v2\/pages\/508","targetHints":{"allow":["GET"]}}],"collection":[{"href":"https:\/\/www.vfdb.org\/aktuell\/wp-json\/wp\/v2\/pages"}],"about":[{"href":"https:\/\/www.vfdb.org\/aktuell\/wp-json\/wp\/v2\/types\/page"}],"author":[{"embeddable":true,"href":"https:\/\/www.vfdb.org\/aktuell\/wp-json\/wp\/v2\/users\/2"}],"replies":[{"embeddable":true,"href":"https:\/\/www.vfdb.org\/aktuell\/wp-json\/wp\/v2\/comments?post=508"}],"version-history":[{"count":22,"href":"https:\/\/www.vfdb.org\/aktuell\/wp-json\/wp\/v2\/pages\/508\/revisions"}],"predecessor-version":[{"id":6398,"href":"https:\/\/www.vfdb.org\/aktuell\/wp-json\/wp\/v2\/pages\/508\/revisions\/6398"}],"wp:attachment":[{"href":"https:\/\/www.vfdb.org\/aktuell\/wp-json\/wp\/v2\/media?parent=508"}],"curies":[{"name":"wp","href":"https:\/\/api.w.org\/{rel}","templated":true}]}}