{"id":546,"date":"2016-09-02T12:52:19","date_gmt":"2016-09-02T10:52:19","guid":{"rendered":"https:\/\/www.vfdb.org\/aktuell\/?page_id=546"},"modified":"2025-11-01T08:58:28","modified_gmt":"2025-11-01T07:58:28","slug":"ehrennadelausschuss","status":"publish","type":"page","link":"https:\/\/www.vfdb.org\/aktuell\/organisation\/ehrennadelausschuss\/","title":{"rendered":"Ehrennadelausschuss"},"content":{"rendered":"<p>Antr\u00e4ge auf Verleihung einer Ehrennadel k\u00f6nnen vom Vorstand, den Referenten und den BVVs oder deren Vertreter an den ENA \u00fcber die Gesch\u00e4ftsstelle eingereicht werden. OVVs oder deren Vertreter richten Antr\u00e4ge an ihren BV-Vorstand, der sie bei Bef\u00fcrwortung an den ENA weiterleitet. Die Antr\u00e4ge sind <strong>ausreichend<\/strong> zu begr\u00fcnden. Sie m\u00fcssen au\u00dferdem alle pers\u00f6nlichen Daten (Name, Vorname, Geburtsdatum, Rufzeichen, Mitgliedsnummer und DOK) des Vorgeschlagenen enthalten.<\/p>\n<p>Der Ehrennadelausschu\u00df entscheidet in eigener Zust\u00e4ndigkeit.<\/p>\n<p>Mitglieder im Ehrennadelausschuss sind:<\/p>\n<ul>\n<li>Dieter Weik, DL1HM<\/li>\n<li>B\u00e4rbel Linge, DL7AFS<\/li>\n<li>NN<\/li>\n<\/ul>\n","protected":false},"excerpt":{"rendered":"<p>Antr\u00e4ge auf Verleihung einer Ehrennadel k\u00f6nnen vom Vorstand, den Referenten und den BVVs oder deren Vertreter an den ENA \u00fcber die Gesch\u00e4ftsstelle eingereicht werden. OVVs oder deren Vertreter richten Antr\u00e4ge an ihren BV-Vorstand, der sie bei Bef\u00fcrwortung an den ENA weiterleitet. Die Antr\u00e4ge sind ausreichend zu begr\u00fcnden. Sie m\u00fcssen au\u00dferdem alle pers\u00f6nlichen Daten (Name, Vorname,&hellip; <a href=\"https:\/\/www.vfdb.org\/aktuell\/organisation\/ehrennadelausschuss\/\">Weiterlesen <span class=\"meta-nav\">&rarr;<\/span><\/a><\/p>\n","protected":false},"author":2,"featured_media":0,"parent":54,"menu_order":0,"comment_status":"closed","ping_status":"open","template":"","meta":{"footnotes":""},"class_list":["post-546","page","type-page","status-publish","hentry"],"_links":{"self":[{"href":"https:\/\/www.vfdb.org\/aktuell\/wp-json\/wp\/v2\/pages\/546","targetHints":{"allow":["GET"]}}],"collection":[{"href":"https:\/\/www.vfdb.org\/aktuell\/wp-json\/wp\/v2\/pages"}],"about":[{"href":"https:\/\/www.vfdb.org\/aktuell\/wp-json\/wp\/v2\/types\/page"}],"author":[{"embeddable":true,"href":"https:\/\/www.vfdb.org\/aktuell\/wp-json\/wp\/v2\/users\/2"}],"replies":[{"embeddable":true,"href":"https:\/\/www.vfdb.org\/aktuell\/wp-json\/wp\/v2\/comments?post=546"}],"version-history":[{"count":9,"href":"https:\/\/www.vfdb.org\/aktuell\/wp-json\/wp\/v2\/pages\/546\/revisions"}],"predecessor-version":[{"id":6275,"href":"https:\/\/www.vfdb.org\/aktuell\/wp-json\/wp\/v2\/pages\/546\/revisions\/6275"}],"up":[{"embeddable":true,"href":"https:\/\/www.vfdb.org\/aktuell\/wp-json\/wp\/v2\/pages\/54"}],"wp:attachment":[{"href":"https:\/\/www.vfdb.org\/aktuell\/wp-json\/wp\/v2\/media?parent=546"}],"curies":[{"name":"wp","href":"https:\/\/api.w.org\/{rel}","templated":true}]}}