{"id":55,"date":"2013-06-22T00:12:34","date_gmt":"2013-06-21T22:12:34","guid":{"rendered":"https:\/\/www.vfdb.org\/aktuell\/?page_id=55"},"modified":"2022-01-11T10:45:18","modified_gmt":"2022-01-11T09:45:18","slug":"vorstand","status":"publish","type":"page","link":"https:\/\/www.vfdb.org\/aktuell\/organisation\/vorstand\/","title":{"rendered":"Vorstand"},"content":{"rendered":"<p><strong>1. Vorsitzender<\/strong><\/p>\n<p>Heribert Spie\u00dfl, DG9RAK<\/p>\n<p>Sonnenstra\u00dfe 7, 82205 Gilching<br \/>\nTelefon \u00fcber Gesch\u00e4ftsstelle<br \/>\nE-Mail: dg9rak (at) vfdb.org<\/p>\n<p>&nbsp;<\/p>\n<p>&nbsp;<\/p>\n<p><strong>Stellv. Vorsitzender<\/strong><\/p>\n<p>J\u00f6rg von Dosky, DL9YBE<\/p>\n<p>Hochvogelstr. 43, D- 86163 Augsburg<br \/>\nTelefon:\u00a0 +49 821-667472<br \/>\nE-Mail: dl9ybe (at) vfdb.org<\/p>\n<p>&nbsp;<\/p>\n<p>&nbsp;<\/p>\n<p><strong>Stellv. Vorsitzender<\/strong><\/p>\n<p>Danielo Naetebus, DL7TA<\/p>\n<p>Ruheplatzstr. 18, 13347 Berlin,<br \/>\nTelefon: +49 30 29 00 99 44<br \/>\nE-Mail: dl7ta (at) vfdb.org<\/p>\n<p>&nbsp;<\/p>\n<p>&nbsp;<\/p>\n<p><strong>Beisitzer und Hauptkassen Verwalter<\/strong><\/p>\n<p>J\u00fcrgen <span id=\"DWT131\" class=\"ZmSearchResult\">Traupe, DH2OP<br \/>\n<\/span><\/p>\n<p>K\u00f6nigsberger Str. 31<br \/>\n37574 Einbeck<br \/>\nTelefon: +49 55 61 3 13 04 09<\/p>\n<p>E-Mail: kasse (at) vfdb.org<\/p>\n<p>&nbsp;<\/p>\n<p>&nbsp;<\/p>\n<address style=\"color: #000000;\">\u00a0<\/address>\n<hr \/>\n<p>&nbsp;<\/p>\n<address>\u00a0<\/address>\n<address>\u00a0<\/address>\n<address>\u00a0<\/address>\n<address>\n<hr \/>\n<\/address>\n<p>\u00a0Kontakt kann man direkt \u00fcber das Kontaktformular, hier auf dieser Webseite bekommen.<\/p>\n<p>&nbsp;<\/p>\n\n<div class=\"wpcf7 no-js\" id=\"wpcf7-f277-o1\" lang=\"de-DE\" dir=\"ltr\" data-wpcf7-id=\"277\">\n<div class=\"screen-reader-response\"><p role=\"status\" aria-live=\"polite\" aria-atomic=\"true\"><\/p> <ul><\/ul><\/div>\n<form action=\"\/aktuell\/wp-json\/wp\/v2\/pages\/55#wpcf7-f277-o1\" method=\"post\" class=\"wpcf7-form init wpcf7-acceptance-as-validation\" aria-label=\"Kontaktformular\" enctype=\"multipart\/form-data\" novalidate=\"novalidate\" data-status=\"init\">\n<fieldset class=\"hidden-fields-container\"><input type=\"hidden\" name=\"_wpcf7\" value=\"277\" \/><input type=\"hidden\" name=\"_wpcf7_version\" value=\"6.1.5\" \/><input type=\"hidden\" name=\"_wpcf7_locale\" value=\"de_DE\" \/><input type=\"hidden\" name=\"_wpcf7_unit_tag\" value=\"wpcf7-f277-o1\" \/><input type=\"hidden\" name=\"_wpcf7_container_post\" value=\"0\" \/><input type=\"hidden\" name=\"_wpcf7_posted_data_hash\" value=\"\" \/><input type=\"hidden\" name=\"_wpcf7_recaptcha_response\" value=\"\" \/>\n<\/fieldset>\n<p>Ihr Name (Pflichtfeld)\n<\/p>\n<p><span class=\"wpcf7-form-control-wrap\" data-name=\"your-name\"><input size=\"40\" maxlength=\"400\" class=\"wpcf7-form-control wpcf7-text wpcf7-validates-as-required\" aria-required=\"true\" aria-invalid=\"false\" placeholder=\"Vor- Nachname\" value=\"\" type=\"text\" name=\"your-name\" \/><\/span>\n<\/p>\n<p>Ihr Rufzeichen (Pflichtfeld)\n<\/p>\n<p><span class=\"wpcf7-form-control-wrap\" data-name=\"rufzeichen\"><input size=\"40\" maxlength=\"9\" class=\"wpcf7-form-control wpcf7-text wpcf7-validates-as-required\" aria-required=\"true\" aria-invalid=\"false\" placeholder=\"DJ9OM\" value=\"\" type=\"text\" name=\"rufzeichen\" \/><\/span>\n<\/p>\n<p>Ihre E-Mail-Adresse (Pflichtfeld)\n<\/p>\n<p><span class=\"wpcf7-form-control-wrap\" data-name=\"your-email\"><input size=\"40\" maxlength=\"400\" class=\"wpcf7-form-control wpcf7-email wpcf7-validates-as-required wpcf7-text wpcf7-validates-as-email\" aria-required=\"true\" aria-invalid=\"false\" placeholder=\"call@vfdb.org\" value=\"\" type=\"email\" name=\"your-email\" \/><\/span>\n<\/p>\n<p>Nachricht zum Thema\n<\/p>\n<p><span class=\"wpcf7-form-control-wrap\" data-name=\"bereich\"><span class=\"wpcf7-form-control wpcf7-checkbox wpcf7-validates-as-required\"><span class=\"wpcf7-list-item first\"><input type=\"checkbox\" name=\"bereich[]\" value=\"VFDB-EMail-Adresse\" \/><span class=\"wpcf7-list-item-label\">VFDB-EMail-Adresse<\/span><\/span><span class=\"wpcf7-list-item\"><input type=\"checkbox\" name=\"bereich[]\" value=\"\u00c4nderungen\/IBAN\" \/><span class=\"wpcf7-list-item-label\">\u00c4nderungen\/IBAN<\/span><\/span><span class=\"wpcf7-list-item\"><input type=\"checkbox\" name=\"bereich[]\" value=\"K\u00fcndigung\" \/><span class=\"wpcf7-list-item-label\">K\u00fcndigung<\/span><\/span><span class=\"wpcf7-list-item last\"><input type=\"checkbox\" name=\"bereich[]\" value=\"VFDB-Webseite f\u00fcr BV oder OV\" \/><span class=\"wpcf7-list-item-label\">VFDB-Webseite f\u00fcr BV oder OV<\/span><\/span><\/span><\/span>\n<\/p>\n<p>Betreff\n<\/p>\n<p><span class=\"wpcf7-form-control-wrap\" data-name=\"your-subject\"><input size=\"40\" maxlength=\"400\" class=\"wpcf7-form-control wpcf7-text\" aria-invalid=\"false\" value=\"\" type=\"text\" name=\"your-subject\" \/><\/span>\n<\/p>\n<p>Ihre Nachricht\n<\/p>\n<p><span class=\"wpcf7-form-control-wrap\" data-name=\"your-message\"><textarea cols=\"40\" rows=\"10\" maxlength=\"2000\" class=\"wpcf7-form-control wpcf7-textarea\" aria-invalid=\"false\" name=\"your-message\"><\/textarea><\/span>\n<\/p>\n<p>Datei anf\u00fcgen (max. 1MB)<br \/>\n<span class=\"wpcf7-form-control-wrap\" data-name=\"file-anhang\"><input size=\"40\" class=\"wpcf7-form-control wpcf7-file\" accept=\"image\/*,.txt,.pdf\" aria-invalid=\"false\" type=\"file\" name=\"file-anhang\" \/><\/span>\n<\/p>\n<p class=\"datenschutz\"><br \/>\n<strong>Datenschutz<\/strong><br \/>\n<span class=\"wpcf7-form-control-wrap\" data-name=\"acceptance-843\"><span class=\"wpcf7-form-control wpcf7-acceptance\"><span class=\"wpcf7-list-item\"><label><input type=\"checkbox\" name=\"acceptance-843\" value=\"1\" aria-invalid=\"false\" \/><span class=\"wpcf7-list-item-label\">Ich stimme zu, dass meine Angaben aus dem Kontaktformular zur Beantwortung meiner Anfrage erhoben und verarbeitet werden. Die Daten werden f\u00fcr 10 Jahre gespeichert oder auf Wunsch gel\u00f6scht.\nHinweis: Sie k\u00f6nnen Ihre Einwilligung jederzeit f\u00fcr die Zukunft per E-Mail an das VFDB Webteam widerrufen. Detaillierte Informationen zum Umgang mit Nutzerdaten finden Sie in unserer <a href=\"https:\/\/www.vfdb.org\/aktuell\/datenschutz\/\">Datenschutzerkl\u00e4rung<\/a>.<\/span><\/label><\/span><\/span><\/span>\n<\/p>\n<p>\n\n<\/p>\n<p><span class=\"wpcf7-form-control-wrap\" data-name=\"quiz-375\"><label><span class=\"wpcf7-quiz-label\">Mit welcher Zahl verabschieden sich Funkamateure ?<\/span> <input size=\"40\" class=\"wpcf7-form-control wpcf7-quiz\" autocomplete=\"off\" aria-required=\"true\" aria-invalid=\"false\" type=\"text\" name=\"quiz-375\" \/><\/label><input type=\"hidden\" name=\"_wpcf7_quiz_answer_quiz-375\" value=\"b5bf87a738bfa56764fcf691a3f23bae\" \/><\/span>\n<\/p>\n<p><input class=\"wpcf7-form-control wpcf7-submit has-spinner\" type=\"submit\" value=\"Senden\" \/>\n<\/p><div class=\"wpcf7-response-output\" aria-hidden=\"true\"><\/div>\n<\/form>\n<\/div>\n\n","protected":false},"excerpt":{"rendered":"<p>1. Vorsitzender Heribert Spie\u00dfl, DG9RAK Sonnenstra\u00dfe 7, 82205 Gilching Telefon \u00fcber Gesch\u00e4ftsstelle E-Mail: dg9rak (at) vfdb.org &nbsp; &nbsp; Stellv. Vorsitzender J\u00f6rg von Dosky, DL9YBE Hochvogelstr. 43, D- 86163 Augsburg Telefon:\u00a0 +49 821-667472 E-Mail: dl9ybe (at) vfdb.org &nbsp; &nbsp; Stellv. Vorsitzender Danielo Naetebus, DL7TA Ruheplatzstr. 18, 13347 Berlin, Telefon: +49 30 29 00 99 44 E-Mail:&hellip; <a href=\"https:\/\/www.vfdb.org\/aktuell\/organisation\/vorstand\/\">Weiterlesen <span class=\"meta-nav\">&rarr;<\/span><\/a><\/p>\n","protected":false},"author":1,"featured_media":0,"parent":54,"menu_order":0,"comment_status":"closed","ping_status":"open","template":"","meta":{"footnotes":""},"class_list":["post-55","page","type-page","status-publish","hentry"],"_links":{"self":[{"href":"https:\/\/www.vfdb.org\/aktuell\/wp-json\/wp\/v2\/pages\/55","targetHints":{"allow":["GET"]}}],"collection":[{"href":"https:\/\/www.vfdb.org\/aktuell\/wp-json\/wp\/v2\/pages"}],"about":[{"href":"https:\/\/www.vfdb.org\/aktuell\/wp-json\/wp\/v2\/types\/page"}],"author":[{"embeddable":true,"href":"https:\/\/www.vfdb.org\/aktuell\/wp-json\/wp\/v2\/users\/1"}],"replies":[{"embeddable":true,"href":"https:\/\/www.vfdb.org\/aktuell\/wp-json\/wp\/v2\/comments?post=55"}],"version-history":[{"count":33,"href":"https:\/\/www.vfdb.org\/aktuell\/wp-json\/wp\/v2\/pages\/55\/revisions"}],"predecessor-version":[{"id":4363,"href":"https:\/\/www.vfdb.org\/aktuell\/wp-json\/wp\/v2\/pages\/55\/revisions\/4363"}],"up":[{"embeddable":true,"href":"https:\/\/www.vfdb.org\/aktuell\/wp-json\/wp\/v2\/pages\/54"}],"wp:attachment":[{"href":"https:\/\/www.vfdb.org\/aktuell\/wp-json\/wp\/v2\/media?parent=55"}],"curies":[{"name":"wp","href":"https:\/\/api.w.org\/{rel}","templated":true}]}}