{"id":564,"date":"2015-07-23T23:09:42","date_gmt":"2015-07-23T21:09:42","guid":{"rendered":"https:\/\/www.vfdb.org\/aktuell\/?page_id=564"},"modified":"2015-07-23T23:09:42","modified_gmt":"2015-07-23T21:09:42","slug":"ausruestung-und-ablauf","status":"publish","type":"page","link":"https:\/\/www.vfdb.org\/aktuell\/organisation\/referate\/ardf\/ausruestung-und-ablauf\/","title":{"rendered":"Ausr\u00fcstung und Ablauf"},"content":{"rendered":"<p>Ausr\u00fcstung und Ablauf unserer Fuchsjagden \/ Foxoringwettbewerbe<\/p>\n<p>F\u00fcr Anf\u00e4nger besitzt die Fuchsjagdgruppe DK0RT 6 KW-DF7XU-Peilempf\u00e4nger und drei UKW-Peilempf\u00e4nger, die ausgeliehen werden k\u00f6nnen. Au\u00dferdem k\u00f6nnen wir uns beim Distrikt N, O, L und mehreren Fuchsj\u00e4gern noch ca. 30\u00a0KW-Peilempf\u00e4nger ausleihen. Die m\u00fcssen aber vor der Veranstaltung angefordert werden. Wenn sich jemand Ger\u00e4te f\u00fcr andere Peilveranstaltungen ausleihen m\u00f6chte, so ist das nat\u00fcrlich m\u00f6glich, aber wir bitten um rechtzeitige R\u00fccksprache, damit dann die Ger\u00e4te aufgeladen zur Verf\u00fcgung stehen k\u00f6nnen. Au\u00dferdem bitten wir die Teilnehmer, die sich Verleihempf\u00e4nger ausleihen, unbedingt die dazu geh\u00f6rende Zusatzausr\u00fcstung (Ersatzohrh\u00f6rer und Trillerpfeife) mitzunehmen!<\/p>\n<p>Bei unseren OV-Foxoringwettbewerben benutzen wir 10 Minisender, die gleichzeitig ununterbrochen ihre Kennung (m 1 bis m 0) auf 144,005 MHz und 3,58 MHz senden. Die Reichweite der Mnisender ist ca. 100 m.<\/p>\n<p>Am Start bekommt man eine Orientierungslaufkarte, in denen 10 Kreise eingezeichnet sind. Diese Kreise sind im Wald ein Umkreis von ca. 50m, in denen der Minisender zu h\u00f6ren ist. Die Reihenfolge des Suchens ist egal, allerdings die Wege d\u00fcrfen auf keinen Fall verlassen werden.<\/p>\n<p>Am Uhlenhof senden ab ca. 13:00 Uhr die R\u00fcckholsender ununterbrochen die Kennung \u201emo\u201c, der eine auf 144,725 MHz, der andere auf 3,600 MHz. Die R\u00fcckholsender sind im Umkreis von 5 Km um den Uhlenhof zu h\u00f6ren und sollen, falls man nicht mehr wei\u00df, wo man auf der Karte ist, die Teilnehmer zur\u00fcckf\u00fchren. Alle UKW-Sender sind Amplitudenmoduliert, alle KW-Sender sind A1A, getastete Tr\u00e4ger.<\/p>\n<p>Die Minisender arbeiten auf UKW mit einem Kreuzdipol und auf KW mit einem Draht von ca. 1,30m l\u00e4nge.<\/p>\n<p>&nbsp;<\/p>\n<p>Ausserdem besitzen wir noch:<\/p>\n<p>1.)\u00a0\u00a0\u00a0\u00a0 \u00a0Einen Ersatz-KW-R\u00fcckholfuchs mit geringer Leistung, Reichweite ca.1,5 km, Frequenz 3,60\u00a0MHz.<\/p>\n<p>2.) Einen Kennungsgeber mit Steuerteil. Dieses kann man an ein beliebiges Handsprechfunkger\u00e4t anschlie\u00dfen (z.B. ein 2-m-Ger\u00e4t). Es schaltet den Sender des Handsprechfunkger\u00e4tes dauernd ein und sendet \u00fcber den Mikrofoneingang die Dauer-Kennung MO. Somit kann man mit einem 2m-Handfunkger\u00e4t und diesem Steuerteil einen ausgefallenen 2-m-R\u00fcckholsender ersetzen.<\/p>\n<p>&nbsp;<\/p>\n<p>Zu Kontrollzwecken \u00fcberwachen wir den KW-R\u00fcckholfuchs mit einem 80-m-Kontrollempf\u00e4nger und den 2-m-R\u00fcckholsender mit einem 2-m-Handsprechfunkger\u00e4t.<\/p>\n<p>&nbsp;<\/p>\n<p>Denn nichts ist schlimmer, als wenn der R\u00fcckholsender ausf\u00e4llt und der Veranstalter merkt es nicht! (Gibt Haue von den Teilnehmern, wenn sie dann zur\u00fcck gefunden haben! Hihi)<\/p>\n<p>&nbsp;<\/p>\n<p>Zudem besitzt die Fuchsjagdgruppe noch 4 UKW-\/KW-Kombisender (144,125 MHz und 3,58 MHz gleichzeitig). Sender 1 sendet in der ersten Minute dauernd die Kennung MOE, Sender 2 in der zweiten Minute MOI, Sender 3 in der dritten Minute MOS, Sender 4 in der vierten Minute MOH, in der f\u00fcnften Minute ist Pause, dann wieder von vorne. Reichweite dieser Sender ca. 4 km. Antenne auf KW ca. 7m Draht, auf UKW Kreuzdipol. Diese Sender liegen seit langem bei DL3BBX zur Reparatur.<\/p>\n<p>&nbsp;<\/p>\n<p>Im Jahre 2003 sind wir auf das Sportident-Chip-Zeiterfassungssystem umgestiegen. Jeder Teilnehmer kauft (25 \u20ac), oder leiht sich (so lange der Vorrat reicht) f\u00fcr 2 \u20ac (Kinder und Jugendliche unter 18 keine Leihgeb\u00fchr) einen Sportident-Chip. Dieser Chip ist batterielos, komplett Kunststoffummantelt und so gro\u00df wie ein kleiner Finger .Er wird vom Teilnehmer mit einem Gummiband an einem Finger getragen.<\/p>\n<p>Der Teilnehmer muss als erstes den Chip l\u00f6schen, das heisst: die alten, gespeicherten Zeitstempel auf dem Chip vernichten. Das macht der Teilnehmer, indem er den Chip in eine L\u00f6schstation steckt (Station blinkt und piept).<\/p>\n<p>&nbsp;<\/p>\n<p>Dann steckt er den Chip in eine Anmelde- und Auslesestation (Station blinkt und piept), dabei \u00fcbertr\u00e4gt der Chip induktiv, also kontaktlos, seine Chipnummer \u00fcber ein USB-Kabel an den PC weiter. Der PC ordnet zu der Chipnummer den Namen des Teilnehmers zu und der Teilnehmer ist angemeldet. Die L\u00f6sch- und die Anmelde-\/Auslesestation befinden sich bei Charly in der Gastst\u00e4tte.<\/p>\n<p>&nbsp;<\/p>\n<p>Wenn der Teilnehmer dann starten will (wir haben freien Start, von 13:00 Uhr bis 14:30 Uhr d\u00fcrfen bei Foxoringwettbewerben jede Sekunde, bei normalen Wettbewerben alle 5 Minuten Teilnehmer starten) steckt er den SI-Chip in die Startstation (blinkt und piept). Dadurch wird seine Startzeit auf dem Chip gespeichert und der Teilnehmer muss sofort(Foxoring) oder auf volle 5 Minuten (ARDF-Wettbewerb) loslaufen.<\/p>\n<p>&nbsp;<\/p>\n<p>Im Wald bei den Sendern befinden sich elektronische Kontrollboxen. In diese mu\u00df der Teilnehmer seinen Chip stecken, wenn er den Sender erreicht hat. Nach Ert\u00f6nen eines Pieptones und Aufleuchten eines Lichtsignals (ca. 0,3 Sekunden) kann der Teilnehmer den Chip wieder herausziehen. In den 0,3 Sekunden passierte nun folgendes: der SI-Chip \u00fcbertr\u00e4gt seine Chip-Nummer in die Kontrollstation und diese Nummer wurde in der Station mit genauer Uhrzeit abgespeichert. Gleichzeitig \u00fcbertrug die Kontrollstation in den SI-Chip des Teilnehmers die erreichte Fuchsnummer und die genaue Uhrzeit. An jedem Sender wiederholt sich dieser Ablauf. In den Kontrollboxen k\u00f6nnen maximal 2500 \u201eStempelungen\u201c und in den SI-Chips der Teilnehmer k\u00f6nnen maximal 30 verschiedene \u201eF\u00fcchse\u201c gespeichert werden.<\/p>\n<p>Am Ziel mu\u00df der Teilnehmer den Chip in die \u201eZiel-Station\u201c stecken, um die Zielzeit zu speichern.<\/p>\n<p>Die \u201eZielzeitnahme-SI-Stationen\u201c sind mit gro\u00dfem rot-wei\u00dfem Postenschirm markiert und befinden sich am Uhlenhof.<\/p>\n<p>&nbsp;<\/p>\n<p>In der Gastst\u00e4tte mu\u00df dann der Chip in der \u201eAuslesestation\u201c bei Charly ausgelesen werden. Beim Auslesen werden die Chipnummer, die Fuchsnummern mit den dazu geh\u00f6rigen Zeiten und die Zielzeit an den PC \u00fcbertragen.<\/p>\n<p>&nbsp;<\/p>\n<p>Bei den Ergebnislisten werden die Teilnehmer nach der Kategorie 2m oder 80m unterschieden.<\/p>\n<p>&nbsp;<\/p>\n<p>In der Gastst\u00e4tte werden w\u00e4hrend des Wettbewerbes an einer \u201eUser-Station\u201c (\u201eTeilnehmer-Selbstbedienungs-Station\u201c), bestehend aus Laptop und Drucker, laufend die aktuellen Ergebnisse angezeigt. Auch der sofortige Ausdruck des laufenden Ergebnisses ist dort durch den Teilnehmer selber m\u00f6glich.<\/p>\n<p>Nach R\u00fcckkehr des letzten Teilnehmers werden Endergebnislisten erstellt. Diese werden dann ins Internet und Packet-Radio-Netz vom Uhlenhof aus \u00fcbertragen.<\/p>\n<p>&nbsp;<\/p>\n<p>Zus\u00e4tzlich werden seit 2009 die Ergebnisse schon w\u00e4hrend des laufenden Wettbewerbs innerhalb der Gastst\u00e4tte \u00fcber WLAN an alle WLAN-Laptops und WLAN-Handys (geb\u00fchrenfrei!) \u00fcbertragen. Also WLAN-Handy oder WLAN-Laptop mit zum Uhlenhof nehmen.<\/p>\n","protected":false},"excerpt":{"rendered":"<p>Ausr\u00fcstung und Ablauf unserer Fuchsjagden \/ Foxoringwettbewerbe F\u00fcr Anf\u00e4nger besitzt die Fuchsjagdgruppe DK0RT 6 KW-DF7XU-Peilempf\u00e4nger und drei UKW-Peilempf\u00e4nger, die ausgeliehen werden k\u00f6nnen. Au\u00dferdem k\u00f6nnen wir uns beim Distrikt N, O, L und mehreren Fuchsj\u00e4gern noch ca. 30\u00a0KW-Peilempf\u00e4nger ausleihen. Die m\u00fcssen aber vor der Veranstaltung angefordert werden. Wenn sich jemand Ger\u00e4te f\u00fcr andere Peilveranstaltungen ausleihen m\u00f6chte,&hellip; <a href=\"https:\/\/www.vfdb.org\/aktuell\/organisation\/referate\/ardf\/ausruestung-und-ablauf\/\">Weiterlesen <span class=\"meta-nav\">&rarr;<\/span><\/a><\/p>\n","protected":false},"author":2,"featured_media":0,"parent":312,"menu_order":0,"comment_status":"closed","ping_status":"open","template":"","meta":{"footnotes":""},"class_list":["post-564","page","type-page","status-publish","hentry"],"_links":{"self":[{"href":"https:\/\/www.vfdb.org\/aktuell\/wp-json\/wp\/v2\/pages\/564","targetHints":{"allow":["GET"]}}],"collection":[{"href":"https:\/\/www.vfdb.org\/aktuell\/wp-json\/wp\/v2\/pages"}],"about":[{"href":"https:\/\/www.vfdb.org\/aktuell\/wp-json\/wp\/v2\/types\/page"}],"author":[{"embeddable":true,"href":"https:\/\/www.vfdb.org\/aktuell\/wp-json\/wp\/v2\/users\/2"}],"replies":[{"embeddable":true,"href":"https:\/\/www.vfdb.org\/aktuell\/wp-json\/wp\/v2\/comments?post=564"}],"version-history":[{"count":1,"href":"https:\/\/www.vfdb.org\/aktuell\/wp-json\/wp\/v2\/pages\/564\/revisions"}],"predecessor-version":[{"id":565,"href":"https:\/\/www.vfdb.org\/aktuell\/wp-json\/wp\/v2\/pages\/564\/revisions\/565"}],"up":[{"embeddable":true,"href":"https:\/\/www.vfdb.org\/aktuell\/wp-json\/wp\/v2\/pages\/312"}],"wp:attachment":[{"href":"https:\/\/www.vfdb.org\/aktuell\/wp-json\/wp\/v2\/media?parent=564"}],"curies":[{"name":"wp","href":"https:\/\/api.w.org\/{rel}","templated":true}]}}