{"id":57,"date":"2013-06-22T00:13:07","date_gmt":"2013-06-21T22:13:07","guid":{"rendered":"https:\/\/www.vfdb.org\/aktuell\/?page_id=57"},"modified":"2019-04-19T22:21:57","modified_gmt":"2019-04-19T20:21:57","slug":"geschaftsstelle-kasse","status":"publish","type":"page","link":"https:\/\/www.vfdb.org\/aktuell\/organisation\/geschaftsstelle-kasse\/","title":{"rendered":"Gesch\u00e4ftsstelle &#038; Kasse"},"content":{"rendered":"<h3 style=\"color: #000000;\">Die Gesch\u00e4ftsstelle ist zu erreichen unter<\/h3>\n<p style=\"color: #000000;\">Postanschrift:<\/p>\n<p style=\"color: #000000;\">VFDB Gesch\u00e4ftsstelle<br \/>\nK\u00f6nigsberger Str. 31<br \/>\n37574 Einbeck<br \/>\nTel.: bitte die Vorstandsmitglieder oder die Kasse ansprechen<\/p>\n<address style=\"color: #000000;\">E-Mail: info (\u00e4t) vfdb.org<\/address>\n<h3 style=\"color: #000000;\"><\/h3>\n<h3 style=\"color: #000000;\">Die\u00a0Kasse ist zu erreichen unter<\/h3>\n<p style=\"color: #000000;\">Postanschrift:<\/p>\n<address style=\"color: #000000;\">VFDB Kasse<\/address>\n<p>DH2OP<br \/>\nJ\u00fcrgen <span id=\"DWT131\" class=\"ZmSearchResult\">Traupe<\/span><br \/>\nK\u00f6nigsberger Str. 31<br \/>\n37574 Einbeck<\/p>\n<p>Tel.: 05561-313 0409<\/p>\n<address style=\"color: #000000;\">E-Mail:\u00a0kasse (\u00e4t) vfdb.org<\/address>\n<p style=\"color: #000000;\"><strong>Kontoverbindung\u00a0 der Hauptkasse<br \/>\n<\/strong><\/p>\n<p style=\"color: #000000;\"><strong>IBAN: <\/strong>DE17241910150231749400<strong><br \/>\nBIC: <\/strong>GENODEF1SDE<\/p>\n<p style=\"color: #000000;\">Bankleitzahl 24191015, Kontonummer 0231749400<\/p>\n<p style=\"color: #000000;\"><span style=\"text-decoration: underline;\">Auf dieses Konto bitte keine Mitgliedsbeitr\u00e4ge \u00fcberweisen<\/span><br \/>\nKontoverbindung f\u00fcr Mitgliedsbeitr\u00e4ge findet man <a href=\"https:\/\/www.vfdb.org\/aktuell\/organisation\/referate\/beitragseinzug\/\">hier!<\/a>!<\/p>\n<p style=\"color: #000000;\"><strong>Bei der Volksbank\u00a0Stade-Cuxhaven\u00a0eG<\/strong><\/p>\n<hr \/>\n<p style=\"color: #000000;\">\n<div class=\"wpcf7 no-js\" id=\"wpcf7-f277-o1\" lang=\"de-DE\" dir=\"ltr\" data-wpcf7-id=\"277\">\n<div class=\"screen-reader-response\"><p role=\"status\" aria-live=\"polite\" aria-atomic=\"true\"><\/p> <ul><\/ul><\/div>\n<form action=\"\/aktuell\/wp-json\/wp\/v2\/pages\/57#wpcf7-f277-o1\" method=\"post\" class=\"wpcf7-form init wpcf7-acceptance-as-validation\" aria-label=\"Kontaktformular\" enctype=\"multipart\/form-data\" novalidate=\"novalidate\" data-status=\"init\">\n<fieldset class=\"hidden-fields-container\"><input type=\"hidden\" name=\"_wpcf7\" value=\"277\" \/><input type=\"hidden\" name=\"_wpcf7_version\" value=\"6.1.5\" \/><input type=\"hidden\" name=\"_wpcf7_locale\" value=\"de_DE\" \/><input type=\"hidden\" name=\"_wpcf7_unit_tag\" value=\"wpcf7-f277-o1\" \/><input type=\"hidden\" name=\"_wpcf7_container_post\" value=\"0\" \/><input type=\"hidden\" name=\"_wpcf7_posted_data_hash\" value=\"\" \/><input type=\"hidden\" name=\"_wpcf7_recaptcha_response\" value=\"\" \/>\n<\/fieldset>\n<p>Ihr Name (Pflichtfeld)\n<\/p>\n<p><span class=\"wpcf7-form-control-wrap\" data-name=\"your-name\"><input size=\"40\" maxlength=\"400\" class=\"wpcf7-form-control wpcf7-text wpcf7-validates-as-required\" aria-required=\"true\" aria-invalid=\"false\" placeholder=\"Vor- Nachname\" value=\"\" type=\"text\" name=\"your-name\" \/><\/span>\n<\/p>\n<p>Ihr Rufzeichen (Pflichtfeld)\n<\/p>\n<p><span class=\"wpcf7-form-control-wrap\" data-name=\"rufzeichen\"><input size=\"40\" maxlength=\"9\" class=\"wpcf7-form-control wpcf7-text wpcf7-validates-as-required\" aria-required=\"true\" aria-invalid=\"false\" placeholder=\"DJ9OM\" value=\"\" type=\"text\" name=\"rufzeichen\" \/><\/span>\n<\/p>\n<p>Ihre E-Mail-Adresse (Pflichtfeld)\n<\/p>\n<p><span class=\"wpcf7-form-control-wrap\" data-name=\"your-email\"><input size=\"40\" maxlength=\"400\" class=\"wpcf7-form-control wpcf7-email wpcf7-validates-as-required wpcf7-text wpcf7-validates-as-email\" aria-required=\"true\" aria-invalid=\"false\" placeholder=\"call@vfdb.org\" value=\"\" type=\"email\" name=\"your-email\" \/><\/span>\n<\/p>\n<p>Nachricht zum Thema\n<\/p>\n<p><span class=\"wpcf7-form-control-wrap\" data-name=\"bereich\"><span class=\"wpcf7-form-control wpcf7-checkbox wpcf7-validates-as-required\"><span class=\"wpcf7-list-item first\"><input type=\"checkbox\" name=\"bereich[]\" value=\"VFDB-EMail-Adresse\" \/><span class=\"wpcf7-list-item-label\">VFDB-EMail-Adresse<\/span><\/span><span class=\"wpcf7-list-item\"><input type=\"checkbox\" name=\"bereich[]\" value=\"\u00c4nderungen\/IBAN\" \/><span class=\"wpcf7-list-item-label\">\u00c4nderungen\/IBAN<\/span><\/span><span class=\"wpcf7-list-item\"><input type=\"checkbox\" name=\"bereich[]\" value=\"K\u00fcndigung\" \/><span class=\"wpcf7-list-item-label\">K\u00fcndigung<\/span><\/span><span class=\"wpcf7-list-item last\"><input type=\"checkbox\" name=\"bereich[]\" value=\"VFDB-Webseite f\u00fcr BV oder OV\" \/><span class=\"wpcf7-list-item-label\">VFDB-Webseite f\u00fcr BV oder OV<\/span><\/span><\/span><\/span>\n<\/p>\n<p>Betreff\n<\/p>\n<p><span class=\"wpcf7-form-control-wrap\" data-name=\"your-subject\"><input size=\"40\" maxlength=\"400\" class=\"wpcf7-form-control wpcf7-text\" aria-invalid=\"false\" value=\"\" type=\"text\" name=\"your-subject\" \/><\/span>\n<\/p>\n<p>Ihre Nachricht\n<\/p>\n<p><span class=\"wpcf7-form-control-wrap\" data-name=\"your-message\"><textarea cols=\"40\" rows=\"10\" maxlength=\"2000\" class=\"wpcf7-form-control wpcf7-textarea\" aria-invalid=\"false\" name=\"your-message\"><\/textarea><\/span>\n<\/p>\n<p>Datei anf\u00fcgen (max. 1MB)<br \/>\n<span class=\"wpcf7-form-control-wrap\" data-name=\"file-anhang\"><input size=\"40\" class=\"wpcf7-form-control wpcf7-file\" accept=\"image\/*,.txt,.pdf\" aria-invalid=\"false\" type=\"file\" name=\"file-anhang\" \/><\/span>\n<\/p>\n<p class=\"datenschutz\"><br \/>\n<strong>Datenschutz<\/strong><br \/>\n<span class=\"wpcf7-form-control-wrap\" data-name=\"acceptance-843\"><span class=\"wpcf7-form-control wpcf7-acceptance\"><span class=\"wpcf7-list-item\"><label><input type=\"checkbox\" name=\"acceptance-843\" value=\"1\" aria-invalid=\"false\" \/><span class=\"wpcf7-list-item-label\">Ich stimme zu, dass meine Angaben aus dem Kontaktformular zur Beantwortung meiner Anfrage erhoben und verarbeitet werden. Die Daten werden f\u00fcr 10 Jahre gespeichert oder auf Wunsch gel\u00f6scht.\nHinweis: Sie k\u00f6nnen Ihre Einwilligung jederzeit f\u00fcr die Zukunft per E-Mail an das VFDB Webteam widerrufen. Detaillierte Informationen zum Umgang mit Nutzerdaten finden Sie in unserer <a href=\"https:\/\/www.vfdb.org\/aktuell\/datenschutz\/\">Datenschutzerkl\u00e4rung<\/a>.<\/span><\/label><\/span><\/span><\/span>\n<\/p>\n<p>\n\n<\/p>\n<p><span class=\"wpcf7-form-control-wrap\" data-name=\"quiz-375\"><label><span class=\"wpcf7-quiz-label\">Mit welcher Zahl verabschieden sich Funkamateure ?<\/span> <input size=\"40\" class=\"wpcf7-form-control wpcf7-quiz\" autocomplete=\"off\" aria-required=\"true\" aria-invalid=\"false\" type=\"text\" name=\"quiz-375\" \/><\/label><input type=\"hidden\" name=\"_wpcf7_quiz_answer_quiz-375\" value=\"b5bf87a738bfa56764fcf691a3f23bae\" \/><\/span>\n<\/p>\n<p><input class=\"wpcf7-form-control wpcf7-submit has-spinner\" type=\"submit\" value=\"Senden\" \/>\n<\/p><div class=\"wpcf7-response-output\" aria-hidden=\"true\"><\/div>\n<\/form>\n<\/div>\n<\/p>\n","protected":false},"excerpt":{"rendered":"<p>Die Gesch\u00e4ftsstelle ist zu erreichen unter Postanschrift: VFDB Gesch\u00e4ftsstelle K\u00f6nigsberger Str. 31 37574 Einbeck Tel.: bitte die Vorstandsmitglieder oder die Kasse ansprechen E-Mail: info (\u00e4t) vfdb.org Die\u00a0Kasse ist zu erreichen unter Postanschrift: VFDB Kasse DH2OP J\u00fcrgen Traupe K\u00f6nigsberger Str. 31 37574 Einbeck Tel.: 05561-313 0409 E-Mail:\u00a0kasse (\u00e4t) vfdb.org Kontoverbindung\u00a0 der Hauptkasse IBAN: DE17241910150231749400 BIC: GENODEF1SDE&hellip; <a href=\"https:\/\/www.vfdb.org\/aktuell\/organisation\/geschaftsstelle-kasse\/\">Weiterlesen <span class=\"meta-nav\">&rarr;<\/span><\/a><\/p>\n","protected":false},"author":1,"featured_media":0,"parent":54,"menu_order":0,"comment_status":"closed","ping_status":"closed","template":"","meta":{"footnotes":""},"class_list":["post-57","page","type-page","status-publish","hentry"],"_links":{"self":[{"href":"https:\/\/www.vfdb.org\/aktuell\/wp-json\/wp\/v2\/pages\/57","targetHints":{"allow":["GET"]}}],"collection":[{"href":"https:\/\/www.vfdb.org\/aktuell\/wp-json\/wp\/v2\/pages"}],"about":[{"href":"https:\/\/www.vfdb.org\/aktuell\/wp-json\/wp\/v2\/types\/page"}],"author":[{"embeddable":true,"href":"https:\/\/www.vfdb.org\/aktuell\/wp-json\/wp\/v2\/users\/1"}],"replies":[{"embeddable":true,"href":"https:\/\/www.vfdb.org\/aktuell\/wp-json\/wp\/v2\/comments?post=57"}],"version-history":[{"count":22,"href":"https:\/\/www.vfdb.org\/aktuell\/wp-json\/wp\/v2\/pages\/57\/revisions"}],"predecessor-version":[{"id":3299,"href":"https:\/\/www.vfdb.org\/aktuell\/wp-json\/wp\/v2\/pages\/57\/revisions\/3299"}],"up":[{"embeddable":true,"href":"https:\/\/www.vfdb.org\/aktuell\/wp-json\/wp\/v2\/pages\/54"}],"wp:attachment":[{"href":"https:\/\/www.vfdb.org\/aktuell\/wp-json\/wp\/v2\/media?parent=57"}],"curies":[{"name":"wp","href":"https:\/\/api.w.org\/{rel}","templated":true}]}}