{"id":5825,"date":"2025-03-23T12:32:19","date_gmt":"2025-03-23T11:32:19","guid":{"rendered":"https:\/\/www.vfdb.org\/aktuell\/?page_id=5825"},"modified":"2025-08-21T21:22:21","modified_gmt":"2025-08-21T19:22:21","slug":"z04","status":"publish","type":"page","link":"https:\/\/www.vfdb.org\/aktuell\/z04\/","title":{"rendered":"Z04"},"content":{"rendered":"<div class=\"entry-content clearfix\">\n<p><strong>Kontakt zum Ortsverband Z04 D\u00fcsseldorf:<br \/>\n<\/strong>Nach dem Tot von OM Peter DD9EN, f\u00fchrt der 2. OVV OM Edgar, DL2EAP den OV bis zur n\u00e4chsten Wahl.<\/p>\n<p>&nbsp;<\/p>\n<p><strong>OV-Abend, OV-Treffen:<\/strong><br \/>\nFinden bis auf weiteres nicht mehr statt.<\/p>\n<p>&nbsp;<\/p>\n<p><strong>OV-Frequenz und Runden:\u00a0<\/strong><br \/>\n-\/-<\/p>\n<p>&nbsp;<\/p>\n<p><strong>\u00dcber uns:<\/strong><br \/>\n-\/-<\/p>\n<p>&nbsp;<\/p>\n<p><strong>Historie:<\/strong><\/p>\n<p>Am 18.07.2019 wurde im Ortsverband D\u00fcsseldorf (Z04) die Jahreshauptversammlung 2019 mit Neuwahl des Vorstands durchgef\u00fchrt.<\/p>\n<p>Zum Ortsverbandsvorsitzenden wurde Peter Brause, DD9EN gew\u00e4hlt. Protokollf\u00fchrer war Reiner Sobottka, DD1JX.<\/p>\n<p>Am 8. Juli 2025 verstarb der bisherige OVV OM Peter Brause, DD9EN.<\/p>\n<\/div>\n","protected":false},"excerpt":{"rendered":"<p>Kontakt zum Ortsverband Z04 D\u00fcsseldorf: Nach dem Tot von OM Peter DD9EN, f\u00fchrt der 2. OVV OM Edgar, DL2EAP den OV bis zur n\u00e4chsten Wahl. &nbsp; OV-Abend, OV-Treffen: Finden bis auf weiteres nicht mehr statt. &nbsp; OV-Frequenz und Runden:\u00a0 -\/- &nbsp; \u00dcber uns: -\/- &nbsp; Historie: Am 18.07.2019 wurde im Ortsverband D\u00fcsseldorf (Z04) die Jahreshauptversammlung&hellip; <a href=\"https:\/\/www.vfdb.org\/aktuell\/z04\/\">Weiterlesen <span class=\"meta-nav\">&rarr;<\/span><\/a><\/p>\n","protected":false},"author":2,"featured_media":0,"parent":0,"menu_order":0,"comment_status":"closed","ping_status":"closed","template":"","meta":{"footnotes":""},"class_list":["post-5825","page","type-page","status-publish","hentry"],"_links":{"self":[{"href":"https:\/\/www.vfdb.org\/aktuell\/wp-json\/wp\/v2\/pages\/5825","targetHints":{"allow":["GET"]}}],"collection":[{"href":"https:\/\/www.vfdb.org\/aktuell\/wp-json\/wp\/v2\/pages"}],"about":[{"href":"https:\/\/www.vfdb.org\/aktuell\/wp-json\/wp\/v2\/types\/page"}],"author":[{"embeddable":true,"href":"https:\/\/www.vfdb.org\/aktuell\/wp-json\/wp\/v2\/users\/2"}],"replies":[{"embeddable":true,"href":"https:\/\/www.vfdb.org\/aktuell\/wp-json\/wp\/v2\/comments?post=5825"}],"version-history":[{"count":5,"href":"https:\/\/www.vfdb.org\/aktuell\/wp-json\/wp\/v2\/pages\/5825\/revisions"}],"predecessor-version":[{"id":6133,"href":"https:\/\/www.vfdb.org\/aktuell\/wp-json\/wp\/v2\/pages\/5825\/revisions\/6133"}],"wp:attachment":[{"href":"https:\/\/www.vfdb.org\/aktuell\/wp-json\/wp\/v2\/media?parent=5825"}],"curies":[{"name":"wp","href":"https:\/\/api.w.org\/{rel}","templated":true}]}}