{"id":6044,"date":"2025-06-27T09:22:35","date_gmt":"2025-06-27T07:22:35","guid":{"rendered":"https:\/\/www.vfdb.org\/aktuell\/?page_id=6044"},"modified":"2026-03-15T10:09:21","modified_gmt":"2026-03-15T09:09:21","slug":"z91","status":"publish","type":"page","link":"https:\/\/www.vfdb.org\/aktuell\/z91\/","title":{"rendered":"Z91"},"content":{"rendered":"<p><strong>Kontakt zum Ortsverband Z91 Collmberg:<br \/>\n<\/strong><\/p>\n<p>DK4RL<br \/>\n<u><\/u><u><\/u>Ronny Lorenz<br \/>\n<u><\/u><u><\/u>04758 Oschatz<u><\/u><u><\/u><u><\/u>\u00a0<u><\/u><\/p>\n<p>E-Mail: dk4rl (\u00e4t)\u00a0vfdb.org<u><\/u><u><\/u><\/p>\n<p>&nbsp;<\/p>\n<p><strong>OV-Abend, OV-Treffen:<\/strong><\/p>\n<p>keine regelm\u00e4\u00dfigen Treffen<br \/>\n<u><\/u><u><\/u>saisonal in der Softeisoase, Liebsch\u00fctzberg OT Wellerswalde<\/p>\n<p>&nbsp;<\/p>\n<p><strong>OV-Frequenz und Runden:<\/strong><\/p>\n<p>keine, wir sind ggf. auf den \u00f6rtlichen Relais auf 2m \/ 70cm (DB0SAX \/ DM0STR) erreichbar<\/p>\n<p>&nbsp;<\/p>\n<p><strong>Clubstationen:<\/strong><\/p>\n<p><u><\/u><u><\/u><b><\/b>DC0TO\u00a0\u00a0 \u00a0\u00a0\u00a0\u00a0\u00a0\u00a0\u00a0\u00a0 (DG3VSM)<br \/>\n<u><\/u><u><\/u>DL0RCO \u00a0\u00a0\u00a0\u00a0\u00a0\u00a0\u00a0\u00a0 (DG1LQX)<\/p>\n<p>&nbsp;<\/p>\n<p><strong>\u00dcber uns:<\/strong><\/p>\n<p style=\"font-weight: 400;\">Am 23. September 1995 wurde der Bezirksverband Sachsen und auch der Ortsverband Collmberg, Z91, gegr\u00fcndet. Am 31. Dezember 2021 wurde der Bezirksverband Sachsen aufgel\u00f6st und der Ortsverband Collmberg Z91 beim Bezirksverband Th\u00fcringen (jetzt BV Mitteldeutschland) angesiedelt.<\/p>\n<p style=\"font-weight: 400;\">Z91 Collmberg z\u00e4hlt mit zu den aktiven Ortsverb\u00e4nden des VFDB.<\/p>\n<p>&nbsp;<\/p>\n","protected":false},"excerpt":{"rendered":"<p>Kontakt zum Ortsverband Z91 Collmberg: DK4RL Ronny Lorenz 04758 Oschatz\u00a0 E-Mail: dk4rl (\u00e4t)\u00a0vfdb.org &nbsp; OV-Abend, OV-Treffen: keine regelm\u00e4\u00dfigen Treffen saisonal in der Softeisoase, Liebsch\u00fctzberg OT Wellerswalde &nbsp; OV-Frequenz und Runden: keine, wir sind ggf. auf den \u00f6rtlichen Relais auf 2m \/ 70cm (DB0SAX \/ DM0STR) erreichbar &nbsp; Clubstationen: DC0TO\u00a0\u00a0 \u00a0\u00a0\u00a0\u00a0\u00a0\u00a0\u00a0\u00a0 (DG3VSM) DL0RCO \u00a0\u00a0\u00a0\u00a0\u00a0\u00a0\u00a0\u00a0 (DG1LQX) &nbsp;&hellip; <a href=\"https:\/\/www.vfdb.org\/aktuell\/z91\/\">Weiterlesen <span class=\"meta-nav\">&rarr;<\/span><\/a><\/p>\n","protected":false},"author":2,"featured_media":0,"parent":0,"menu_order":0,"comment_status":"closed","ping_status":"closed","template":"","meta":{"footnotes":""},"class_list":["post-6044","page","type-page","status-publish","hentry"],"_links":{"self":[{"href":"https:\/\/www.vfdb.org\/aktuell\/wp-json\/wp\/v2\/pages\/6044","targetHints":{"allow":["GET"]}}],"collection":[{"href":"https:\/\/www.vfdb.org\/aktuell\/wp-json\/wp\/v2\/pages"}],"about":[{"href":"https:\/\/www.vfdb.org\/aktuell\/wp-json\/wp\/v2\/types\/page"}],"author":[{"embeddable":true,"href":"https:\/\/www.vfdb.org\/aktuell\/wp-json\/wp\/v2\/users\/2"}],"replies":[{"embeddable":true,"href":"https:\/\/www.vfdb.org\/aktuell\/wp-json\/wp\/v2\/comments?post=6044"}],"version-history":[{"count":4,"href":"https:\/\/www.vfdb.org\/aktuell\/wp-json\/wp\/v2\/pages\/6044\/revisions"}],"predecessor-version":[{"id":6499,"href":"https:\/\/www.vfdb.org\/aktuell\/wp-json\/wp\/v2\/pages\/6044\/revisions\/6499"}],"wp:attachment":[{"href":"https:\/\/www.vfdb.org\/aktuell\/wp-json\/wp\/v2\/media?parent=6044"}],"curies":[{"name":"wp","href":"https:\/\/api.w.org\/{rel}","templated":true}]}}