{"id":63,"date":"2013-06-22T00:14:50","date_gmt":"2013-06-21T22:14:50","guid":{"rendered":"https:\/\/www.vfdb.org\/aktuell\/?page_id=63"},"modified":"2025-05-16T20:55:11","modified_gmt":"2025-05-16T18:55:11","slug":"referate","status":"publish","type":"page","link":"https:\/\/www.vfdb.org\/aktuell\/organisation\/referate\/","title":{"rendered":"Referate"},"content":{"rendered":"<table cellspacing=\"0\" cellpadding=\"0\">\n<tbody>\n<tr>\n<td valign=\"middle\">Die Referate im \u00dcberblick<\/td>\n<\/tr>\n<\/tbody>\n<\/table>\n<table cellspacing=\"0\" cellpadding=\"0\">\n<tbody>\n<tr>\n<td valign=\"top\">&nbsp;<\/p>\n<p>&nbsp;<\/p>\n<table width=\"783.0\" cellspacing=\"0\" cellpadding=\"0\">\n<tbody>\n<tr>\n<td colspan=\"2\" valign=\"middle\"><\/td>\n<td colspan=\"4\" valign=\"middle\"><b>Referat f\u00fcr Funkbetrieb und Kontestmanager<\/b><\/p>\n<p>Joachim Gebauer, DL6ON<br \/>\nHolzh\u00e4usen 14<br \/>\n29225 Celle<br \/>\nTelefon:\u00a0 +49 5141 42239<br \/>\nE-Mail: dl6on at vfdb.org<\/td>\n<\/tr>\n<tr>\n<td colspan=\"3\" valign=\"middle\"><\/td>\n<td colspan=\"3\" valign=\"middle\"><\/td>\n<\/tr>\n<tr>\n<td colspan=\"2\" valign=\"middle\"><\/td>\n<td colspan=\"4\" valign=\"middle\"><b>Diplommanager<\/b><\/p>\n<p>Hans Brunner, DC5CQ<br \/>\nLangobardenstra\u00dfe 23<br \/>\n86836 Untermeitingen<br \/>\nTelefon:+49 8232 6099<br \/>\nE-Mail: dc5cq at vfdb.org<\/td>\n<\/tr>\n<tr>\n<td colspan=\"3\" valign=\"middle\"><\/td>\n<td colspan=\"3\" valign=\"middle\"><\/td>\n<\/tr>\n<tr>\n<td colspan=\"2\" valign=\"middle\"><\/td>\n<td colspan=\"4\" valign=\"middle\"><b>Referat f\u00fcr Ausbildung, Jugend und Weiterbildung<\/b><\/p>\n<p>Holger Asmussen<br \/>\nM\u00fchlenfeld 53 b<br \/>\n45472 M\u00fclheim<br \/>\nTel: +49 208 434030<br \/>\nE-Mail: dg6ed at vfdb.org<\/td>\n<\/tr>\n<tr>\n<td colspan=\"3\" valign=\"middle\"><\/td>\n<td colspan=\"3\" valign=\"middle\"><\/td>\n<\/tr>\n<tr>\n<td colspan=\"2\" valign=\"middle\"><\/td>\n<td colspan=\"4\" valign=\"middle\"><b>Referat f\u00fcr ARDF Peilsport<\/b><\/p>\n<p>Werner Wieand, DL3YDJ<br \/>\nWehrstra\u00dfe 14<br \/>\n45721 Haltern<br \/>\nTelefon:\u00a0 +49 2364 12222<br \/>\nE-Mail: dl3ydj at vfdb.org<\/td>\n<\/tr>\n<tr>\n<td colspan=\"3\" valign=\"middle\"><\/td>\n<td colspan=\"3\" valign=\"middle\"><\/td>\n<\/tr>\n<tr>\n<td colspan=\"2\" valign=\"middle\"><\/td>\n<td colspan=\"4\" valign=\"middle\"><b>Referat f\u00fcr Standortfragen<\/b><\/p>\n<p><em>Rolf Kr\u00fcger, DL 2 MB<\/em><br \/>\n<em>E-mail DL2MB (\u00e4t) vfdb.org<\/em><\/p>\n<p><em>Telefon: 0541 &#8211; 44093283<\/em><br \/>\n<em>Fax: \u00a00541 &#8211; 67335114<\/em><\/p>\n<p>Die Webseite des Referates\u00a0 <a href=\"https:\/\/sr.vfdb.org\/\">https:\/\/sr.vfdb.org\/<\/a><\/td>\n<\/tr>\n<tr>\n<td colspan=\"3\" valign=\"middle\"><\/td>\n<td colspan=\"3\" valign=\"middle\"><\/td>\n<\/tr>\n<tr>\n<td colspan=\"2\" valign=\"middle\"><\/td>\n<td colspan=\"4\" valign=\"middle\"><b>Referat f\u00fcr Rechtsfragen<\/b><\/p>\n<p>J\u00f6rg von Dosky, DL9YBE<br \/>\nGrainauer Weg 18<br \/>\n86163 Augsburg<br \/>\nTelefon: \u00a00821-667472<br \/>\nE-Mail: dl9ybe at vfdb.org<\/td>\n<\/tr>\n<tr>\n<td colspan=\"3\" valign=\"middle\"><\/td>\n<td colspan=\"3\" valign=\"middle\"><\/td>\n<\/tr>\n<tr>\n<td colspan=\"2\" valign=\"middle\"><\/td>\n<td valign=\"middle\"><strong>Referat f\u00fcr \u00d6ffentlichkeitsarbeit<\/strong><\/p>\n<p><em>wird von den Vorst\u00e4nden ausgef\u00fchrt<br \/>\n<\/em><\/td>\n<td colspan=\"3\" valign=\"middle\"><\/td>\n<\/tr>\n<tr>\n<td colspan=\"2\" valign=\"middle\"><\/td>\n<td valign=\"middle\"><\/td>\n<td colspan=\"3\" valign=\"middle\"><\/td>\n<\/tr>\n<tr>\n<td colspan=\"3\" valign=\"middle\"><\/td>\n<td colspan=\"3\" valign=\"middle\"><\/td>\n<\/tr>\n<tr>\n<td colspan=\"2\" valign=\"middle\"><\/td>\n<td colspan=\"4\" valign=\"middle\"><b>Referat f\u00fcr EMV-Fragen<\/b><\/p>\n<p>Hans-Peter Wolf,<br \/>\nJenaer Stra\u00dfe\u00a0 39<br \/>\n07549 Gera<br \/>\nTel. +49365 35192<br \/>\nE-Mail: dg0ax at vfdb.org<\/p>\n<p>&nbsp;<\/td>\n<\/tr>\n<\/tbody>\n<\/table>\n<\/td>\n<\/tr>\n<\/tbody>\n<\/table>\n","protected":false},"excerpt":{"rendered":"<p>Die Referate im \u00dcberblick &nbsp; &nbsp; Referat f\u00fcr Funkbetrieb und Kontestmanager Joachim Gebauer, DL6ON Holzh\u00e4usen 14 29225 Celle Telefon:\u00a0 +49 5141 42239 E-Mail: dl6on at vfdb.org Diplommanager Hans Brunner, DC5CQ Langobardenstra\u00dfe 23 86836 Untermeitingen Telefon:+49 8232 6099 E-Mail: dc5cq at vfdb.org Referat f\u00fcr Ausbildung, Jugend und Weiterbildung Holger Asmussen M\u00fchlenfeld 53 b 45472 M\u00fclheim Tel:&hellip; <a href=\"https:\/\/www.vfdb.org\/aktuell\/organisation\/referate\/\">Weiterlesen <span class=\"meta-nav\">&rarr;<\/span><\/a><\/p>\n","protected":false},"author":1,"featured_media":0,"parent":54,"menu_order":0,"comment_status":"closed","ping_status":"open","template":"","meta":{"footnotes":""},"class_list":["post-63","page","type-page","status-publish","hentry"],"_links":{"self":[{"href":"https:\/\/www.vfdb.org\/aktuell\/wp-json\/wp\/v2\/pages\/63","targetHints":{"allow":["GET"]}}],"collection":[{"href":"https:\/\/www.vfdb.org\/aktuell\/wp-json\/wp\/v2\/pages"}],"about":[{"href":"https:\/\/www.vfdb.org\/aktuell\/wp-json\/wp\/v2\/types\/page"}],"author":[{"embeddable":true,"href":"https:\/\/www.vfdb.org\/aktuell\/wp-json\/wp\/v2\/users\/1"}],"replies":[{"embeddable":true,"href":"https:\/\/www.vfdb.org\/aktuell\/wp-json\/wp\/v2\/comments?post=63"}],"version-history":[{"count":37,"href":"https:\/\/www.vfdb.org\/aktuell\/wp-json\/wp\/v2\/pages\/63\/revisions"}],"predecessor-version":[{"id":5951,"href":"https:\/\/www.vfdb.org\/aktuell\/wp-json\/wp\/v2\/pages\/63\/revisions\/5951"}],"up":[{"embeddable":true,"href":"https:\/\/www.vfdb.org\/aktuell\/wp-json\/wp\/v2\/pages\/54"}],"wp:attachment":[{"href":"https:\/\/www.vfdb.org\/aktuell\/wp-json\/wp\/v2\/media?parent=63"}],"curies":[{"name":"wp","href":"https:\/\/api.w.org\/{rel}","templated":true}]}}