{"id":73,"date":"2013-06-22T00:17:13","date_gmt":"2013-06-21T22:17:13","guid":{"rendered":"https:\/\/www.vfdb.org\/aktuell\/?page_id=73"},"modified":"2026-02-23T21:32:55","modified_gmt":"2026-02-23T20:32:55","slug":"beitragseinzug","status":"publish","type":"page","link":"https:\/\/www.vfdb.org\/aktuell\/organisation\/referate\/beitragseinzug\/","title":{"rendered":"Beitragseinzug"},"content":{"rendered":"<p>Der Mitgliedsbeitrag ist jeweils Anfang Januar f\u00e4llig. Die aktuellen Beitragss\u00e4tze k\u00f6nnen der Beitrags- und Finanzordnung (BFO) in der Ziffer 5. entnommen werden.<\/p>\n<p>Das vorteilhafte automatische Beitragseinzugsverfahren nutzen 92,5 % unserer Mitglieder. Seit 1995 ist eine Teilnahme am SEPA-Lastschriftverfahren f\u00fcr Neumitglieder verpflichtend.<\/p>\n<p>Hier soll noch einmal der Ablauf der Beitragsverwaltung erkl\u00e4rt werden.<\/p>\n<p>Jeweils im Januar wird der automatische Beitragseinzug gestartet, die Bank schreibt uns sofort den Betrag gut. Kann die Bank den Betrag vom Konto des Zahlungspflichtigen nicht abbuchen (fehlende Deckung, falsche Kontodaten), erfolgt eine R\u00fcckbelastung vom Beitragskonto des VFDB einschlie\u00dflich einer R\u00fccklastgeb\u00fchr.<\/p>\n<p>Unser Referent f\u00fcr den Beitragseinzug, wertet bis Mitte\/Ende Februar die eingegangenen Zahlungen aus. Mitglieder, deren Beitragskonten f\u00fcr das laufende Jahr noch nicht ausgeglichen sind, werden an die f\u00e4llige Zahlung erinnert. Der f\u00e4llige Mitgliedsbeitrag erh\u00f6ht sich um die entstandene R\u00fccklastgeb\u00fchr.<\/p>\n<p>Wird bis Ende Februar die Beitragszahlung nicht nachgeholt, erfolgt eine schriftliche und kostenpflichtige Mahnung mit Zahlungsziel von 2 Wochen. Die Kostenpauschale betr\u00e4gt gem. BFO Ziffer 5. Abs. 5 10,- \u20ac. Zeitgleich werden die DARC-Leistungen und\/oder der Bezug der Zeitschrift \u201eFunkamateur\u201c bis zur vollst\u00e4ndigen Zahlung ausgesetzt.<\/p>\n<p>Sollte auch nach erfolgter Mahnung und Ablauf der Zahlungsfrist das Beitragskonto nicht ausgeglichen sein, erfolgt durch den Hauptvorstand der Ausschluss aus dem VFDB e.V. (vgl. Satzung des VFDB e. V., \u00a7 7 (1).<\/p>\n<p>In Einzelf\u00e4llen kann es auch mal vorgekommen, dass eine Bank den Beitragseinzug zur\u00fcckweist, obwohl die Kontodaten in Ordnung sind, ein Grund daf\u00fcr wird selten gefunden. Es ist auch nicht auszuschlie\u00dfen, dass unserem Referenten bei aller Sorgfalt mal ein Fehler unterl\u00e4uft. Wir bitten um Verst\u00e4ndnis, wir arbeiten alle nur ehrenamtlich in unserer Freizeit. Sollte eine Unstimmigkeit bestehen, ein Kontakt mit der Gesch\u00e4ftsstelle kl\u00e4rt das Problem sicher schnell.<\/p>\n<p>Die wenigen Selbstzahler vergessen schon mal die f\u00e4llige Beitragszahlung, soweit sie keinen Dauerauftrag erteilt haben.<\/p>\n<p>Bei den erfreulicherweise sehr wenigen Problemf\u00e4llen handelt es sich zumeist um Mitglieder, von denen wir keine Telefonnummer haben und von denen wir keine E-Mailadresse kennen, die also auch keine Informationen \u00fcber die Webseite bekommen. Wenn dann vielleicht noch der regelm\u00e4\u00dfige Kontakt zum Ortsverband fehlt, zeigt sich wie wichtig die Kommunikation ist, die haben wir ja bekanntlich auf unsere Fahnen geschrieben haben.<\/p>\n<p>&nbsp;<\/p>\n<h3>Kontakt<\/h3>\n<p>\u00dcber die eMail Adresse mitgliederverwaltung (\u00e4t) vfdb.org<\/p>\n<p>oder<\/p>\n<p>VFDB e.V. \u2013 Gesch\u00e4ftsstelle<br \/>\nK\u00f6nigsbergerstra\u00dfe 31<br \/>\n37574 Einbeck<\/p>\n<p>E-Mail: mitgliederverwaltung (\u00e4t) vfdb.org<\/p>\n<p>&nbsp;<\/p>\n<p>F\u00fcr unsere Selbstzahler hier das Beitragskonto:<br \/>\nIBAN:DE87241910150231749401<br \/>\nBIC: GENODEF1SDE<br \/>\nVolksbank Stade-Cuxhaven eG<\/p>\n","protected":false},"excerpt":{"rendered":"<p>Der Mitgliedsbeitrag ist jeweils Anfang Januar f\u00e4llig. Die aktuellen Beitragss\u00e4tze k\u00f6nnen der Beitrags- und Finanzordnung (BFO) in der Ziffer 5. entnommen werden. Das vorteilhafte automatische Beitragseinzugsverfahren nutzen 92,5 % unserer Mitglieder. Seit 1995 ist eine Teilnahme am SEPA-Lastschriftverfahren f\u00fcr Neumitglieder verpflichtend. Hier soll noch einmal der Ablauf der Beitragsverwaltung erkl\u00e4rt werden. Jeweils im Januar wird&hellip; <a href=\"https:\/\/www.vfdb.org\/aktuell\/organisation\/referate\/beitragseinzug\/\">Weiterlesen <span class=\"meta-nav\">&rarr;<\/span><\/a><\/p>\n","protected":false},"author":1,"featured_media":0,"parent":63,"menu_order":0,"comment_status":"closed","ping_status":"closed","template":"","meta":{"footnotes":""},"class_list":["post-73","page","type-page","status-publish","hentry"],"_links":{"self":[{"href":"https:\/\/www.vfdb.org\/aktuell\/wp-json\/wp\/v2\/pages\/73","targetHints":{"allow":["GET"]}}],"collection":[{"href":"https:\/\/www.vfdb.org\/aktuell\/wp-json\/wp\/v2\/pages"}],"about":[{"href":"https:\/\/www.vfdb.org\/aktuell\/wp-json\/wp\/v2\/types\/page"}],"author":[{"embeddable":true,"href":"https:\/\/www.vfdb.org\/aktuell\/wp-json\/wp\/v2\/users\/1"}],"replies":[{"embeddable":true,"href":"https:\/\/www.vfdb.org\/aktuell\/wp-json\/wp\/v2\/comments?post=73"}],"version-history":[{"count":24,"href":"https:\/\/www.vfdb.org\/aktuell\/wp-json\/wp\/v2\/pages\/73\/revisions"}],"predecessor-version":[{"id":6464,"href":"https:\/\/www.vfdb.org\/aktuell\/wp-json\/wp\/v2\/pages\/73\/revisions\/6464"}],"up":[{"embeddable":true,"href":"https:\/\/www.vfdb.org\/aktuell\/wp-json\/wp\/v2\/pages\/63"}],"wp:attachment":[{"href":"https:\/\/www.vfdb.org\/aktuell\/wp-json\/wp\/v2\/media?parent=73"}],"curies":[{"name":"wp","href":"https:\/\/api.w.org\/{rel}","templated":true}]}}